{"id":1631,"date":"2014-07-21T13:04:56","date_gmt":"2014-07-21T11:04:56","guid":{"rendered":"http:\/\/danubeartfest.org\/web\/?page_id=1631"},"modified":"2014-08-23T08:19:49","modified_gmt":"2014-08-23T08:19:49","slug":"festival-2013","status":"publish","type":"page","link":"http:\/\/danubeartfest.org\/srb\/festival-2013\/","title":{"rendered":"Festival 2013"},"content":{"rendered":"<p>[et_pb_section fullwidth=&#8221;on&#8221; specialty=&#8221;off&#8221; background_image=&#8221;http:\/\/danubeartfest.org\/web\/wp-content\/uploads\/2013-Danube-Dialogues-Day-03-2013-07-3122-33-50.jpg&#8221; background_color=&#8221;#ffffff&#8221; inner_shadow=&#8221;off&#8221; parallax=&#8221;off&#8221; transparent_background=&#8221;off&#8221; parallax_method=&#8221;off&#8221;][et_pb_fullwidth_header admin_label=&#8221;Fullwidth Header&#8221; title=&#8221;Danube Dialogues 2013.&#8221; subhead=&#8221;Festival of Contemporary Art of the Danube Countries&#8221; background_layout=&#8221;dark&#8221; text_orientation=&#8221;left&#8221; \/][\/et_pb_section][et_pb_section background_color=&#8221;#ffffff&#8221; inner_shadow=&#8221;off&#8221; parallax=&#8221;off&#8221;][et_pb_row][et_pb_column type=&#8221;4_4&#8243;][et_pb_filterable_portfolio admin_label=&#8221;Filterable Portfolio&#8221; fullwidth=&#8221;off&#8221; posts_number=&#8221;18&#8243; show_title=&#8221;on&#8221; show_categories=&#8221;off&#8221; show_pagination=&#8221;off&#8221; background_layout=&#8221;light&#8221; include_categories=&#8221;13,9,12&#8243; \/][\/et_pb_column][\/et_pb_row][et_pb_row][et_pb_column type=&#8221;1_2&#8243;][et_pb_testimonial admin_label=&#8221;Testimonial&#8221; author=&#8221;Sava Stepanov&#8221; job_title=&#8221;Umetni\u010dki direktor festivala&#8221; url_new_window=&#8221;off&#8221; quote_icon=&#8221;on&#8221; use_background_color=&#8221;on&#8221; background_color=&#8221;#f5f5f5&#8243; background_layout=&#8221;light&#8221; text_orientation=&#8221;left&#8221; company_name=&#8221;Likovni kriti\u010dar&#8221; portrait_url=&#8221;http:\/\/danubeartfest.org\/web\/wp-content\/uploads\/2013-Danube-Dialogues-Day-01-2013-07-2919-16-11.jpg&#8221;]<\/p>\n<p style=\"text-align: left;\">Geografija velike reke je veli\u010danstveno oblikovala jedan zanimljiv evropski region: od visokorazvijene centralne Evrope do njene manje razvijene crnomorske periferije pore\u0111ano je deset dr\u017eava. Danas te dr\u017eave sa dunavskih obala (Nema\u010dka, Austrija, Slova\u010dka, Ma\u0111arska, Hrvatska, Srbija, Rumunija, Bugarska, Moldavija i Ukrajina), sve vi\u0161e i sve vidljivije, nastoje da se integri\u0161u u jedinstven evropski kompleks.<\/p>\n<p>[\/et_pb_testimonial][\/et_pb_column][et_pb_column type=&#8221;1_2&#8243;][et_pb_testimonial admin_label=&#8221;Testimonial&#8221; author=&#8221;Vesna Latinovi\u0107&#8221; url_new_window=&#8221;off&#8221; quote_icon=&#8221;on&#8221; use_background_color=&#8221;on&#8221; background_color=&#8221;#f5f5f5&#8243; background_layout=&#8221;light&#8221; text_orientation=&#8221;left&#8221; job_title=&#8221;Osniva\u010d festivala Dunavski dijalozi&#8221; portrait_url=&#8221;http:\/\/danubeartfest.org\/web\/wp-content\/uploads\/2013-Danube-Dialogues-Day-03-2013-07-3121-08-40.jpg&#8221;]<\/p>\n<p style=\"text-align: left;\">Projekat Dunavskih dijaloga je zami\u0161ljen kao mozai\u010dka\u00a0manifestacija multimedijalnog tipa koja se istovremeno realizuje u\/na razli\u010ditim galerijskim i alternativnim prostorima. Slike, skulpture, performansi, projekcije video radova, izlo\u017ebe\u00a0 umetni\u010dkih zastava, instalacije, tribine i radionice, prisustvo brojnih umetnika, kriti\u010dara i publike \u010dine jedinstven i dinami\u010dan umetni\u010dki ambijent.Umetni\u010dki direktor poziva selektore za grupne izlo\u017ebe\u00a0i\u00a0svaka zemlja se predstavlja pojedina\u010dnom izlo\u017ebom.<\/p>\n<p>[\/et_pb_testimonial][\/et_pb_column][\/et_pb_row][\/et_pb_section][et_pb_section fullwidth=&#8221;off&#8221; specialty=&#8221;off&#8221; transparent_background=&#8221;off&#8221; background_color=&#8221;#0097bf&#8221; inner_shadow=&#8221;off&#8221; parallax=&#8221;off&#8221; parallax_method=&#8221;off&#8221;][et_pb_row][et_pb_column type=&#8221;4_4&#8243;][et_pb_cta admin_label=&#8221;Call To Action&#8221; title=&#8221;Dunavski dijalozi 2014&#8243; button_url=&#8221;http:\/\/danubeartfest.org\/srb\/festival-2014\/&#8221; button_text=&#8221;Posetite Festival&#8221; use_background_color=&#8221;off&#8221; background_layout=&#8221;dark&#8221; text_orientation=&#8221;center&#8221; background_color=&#8221;#0097bf&#8221;]<\/p>\n<p><strong>Festival savremene umetnosti \/\/ Novi Sad<\/strong><\/p>\n<p>Avgust &#8211; Seprembar, 2014.<\/p>\n<p>[\/et_pb_cta][\/et_pb_column][\/et_pb_row][\/et_pb_section]<\/p>\n","protected":false},"excerpt":{"rendered":"<p><div class=\"et_pb_row et_pb_row_0 et_pb_row_empty\">\n\t\t\t\t\n\t\t\t\t\n\t\t\t\t\n\t\t\t\t\n\t\t\t\t\n\t\t\t<\/div><div class=\"et_pb_row et_pb_row_1 et_pb_row_empty\">\n\t\t\t\t\n\t\t\t\t\n\t\t\t\t\n\t\t\t\t\n\t\t\t\t\n\t\t\t<\/div> Geografija velike reke je veli\u010danstveno oblikovala jedan zanimljiv evropski region: od visokorazvijene centralne Evrope do njene manje razvijene crnomorske periferije pore\u0111ano je deset dr\u017eava. Danas te dr\u017eave sa dunavskih obala (Nema\u010dka, Austrija, Slova\u010dka, Ma\u0111arska, Hrvatska, Srbija, Rumunija, Bugarska, Moldavija i Ukrajina), sve vi\u0161e i sve vidljivije, nastoje da se integri\u0161u u jedinstven evropski kompleks. [&hellip;]<\/p>\n","protected":false},"author":2,"featured_media":0,"parent":0,"menu_order":0,"comment_status":"open","ping_status":"closed","template":"","meta":{"_et_pb_use_builder":"on","_et_pb_old_content":"","_et_gb_content_width":"","footnotes":""},"class_list":["post-1631","page","type-page","status-publish","hentry"],"_links":{"self":[{"href":"http:\/\/danubeartfest.org\/srb\/wp-json\/wp\/v2\/pages\/1631","targetHints":{"allow":["GET"]}}],"collection":[{"href":"http:\/\/danubeartfest.org\/srb\/wp-json\/wp\/v2\/pages"}],"about":[{"href":"http:\/\/danubeartfest.org\/srb\/wp-json\/wp\/v2\/types\/page"}],"author":[{"embeddable":true,"href":"http:\/\/danubeartfest.org\/srb\/wp-json\/wp\/v2\/users\/2"}],"replies":[{"embeddable":true,"href":"http:\/\/danubeartfest.org\/srb\/wp-json\/wp\/v2\/comments?post=1631"}],"version-history":[{"count":0,"href":"http:\/\/danubeartfest.org\/srb\/wp-json\/wp\/v2\/pages\/1631\/revisions"}],"wp:attachment":[{"href":"http:\/\/danubeartfest.org\/srb\/wp-json\/wp\/v2\/media?parent=1631"}],"curies":[{"name":"wp","href":"https:\/\/api.w.org\/{rel}","templated":true}]}}