{"id":2264,"date":"2014-07-21T06:34:15","date_gmt":"2014-07-21T06:34:15","guid":{"rendered":"http:\/\/danubeartfest.org\/web\/?page_id=2"},"modified":"2015-08-27T19:54:20","modified_gmt":"2015-08-27T19:54:20","slug":"festival-2014-2","status":"publish","type":"page","link":"http:\/\/danubeartfest.org\/srb\/festival-2014-2\/","title":{"rendered":"Festival 2014"},"content":{"rendered":"<p>[et_pb_section fullwidth=&#8221;on&#8221; specialty=&#8221;off&#8221; inner_shadow=&#8221;off&#8221; parallax=&#8221;off&#8221; transparent_background=&#8221;off&#8221; parallax_method=&#8221;off&#8221;][et_pb_fullwidth_slider admin_label=&#8221;Fullwidth Slider&#8221; show_arrows=&#8221;off&#8221; show_pagination=&#8221;off&#8221; auto=&#8221;on&#8221; parallax=&#8221;on&#8221; auto_speed=&#8221;4000&#8243; parallax_method=&#8221;off&#8221;][et_pb_slide alignment=&#8221;center&#8221; background_layout=&#8221;dark&#8221; heading=&#8221;Festival savremene umetnosti podunavskih zemalja&#8221; background_image=&#8221;http:\/\/danubeartfest.org\/srb\/wp-content\/uploads\/DSC_4688.jpg&#8221; background_color=&#8221;#ffffff&#8221; button_text=&#8221;\u201c14 X 14\u201d Vi\u0111enja dunavskog regiona&#8221; button_link=&#8221;http:\/\/danubeartfest.org\/srb\/project\/14&#215;14\/&#8221; \/][\/et_pb_fullwidth_slider][et_pb_fullwidth_portfolio admin_label=&#8221;Fullwidth Portfolio&#8221; fullwidth=&#8221;on&#8221; show_title=&#8221;on&#8221; show_date=&#8221;off&#8221; background_layout=&#8221;light&#8221; auto=&#8221;off&#8221; include_categories=&#8221;15&#8243; \/][\/et_pb_section][et_pb_section fullwidth=&#8221;off&#8221; specialty=&#8221;off&#8221; background_color=&#8221;#c1d82f&#8221; inner_shadow=&#8221;off&#8221; parallax=&#8221;off&#8221; transparent_background=&#8221;off&#8221; parallax_method=&#8221;off&#8221;][et_pb_row][et_pb_column type=&#8221;1_4&#8243;][et_pb_number_counter admin_label=&#8221;Number Counter&#8221; title=&#8221;ZEMALJA&#8221; number=&#8221;14&#8243; percent_sign=&#8221;off&#8221; background_layout=&#8221;dark&#8221; counter_color=&#8221;#ffffff&#8221; \/][\/et_pb_column][et_pb_column type=&#8221;1_4&#8243;][et_pb_number_counter admin_label=&#8221;Number Counter&#8221; title=&#8221;UMETNIKA&#8221; number=&#8221;85&#8243; percent_sign=&#8221;off&#8221; background_layout=&#8221;dark&#8221; counter_color=&#8221;#ffffff&#8221; \/][\/et_pb_column][et_pb_column type=&#8221;1_4&#8243;][et_pb_number_counter admin_label=&#8221;Number Counter&#8221; title=&#8221;DOGA\u0110AJA&#8221; number=&#8221;30&#8243; percent_sign=&#8221;off&#8221; background_layout=&#8221;dark&#8221; counter_color=&#8221;#ffffff&#8221; \/][\/et_pb_column][et_pb_column type=&#8221;1_4&#8243;][et_pb_number_counter admin_label=&#8221;Number Counter&#8221; title=&#8221;KUSTOSA&#8221; number=&#8221;12&#8243; percent_sign=&#8221;off&#8221; background_layout=&#8221;dark&#8221; counter_color=&#8221;#ffffff&#8221; \/][\/et_pb_column][\/et_pb_row][\/et_pb_section][et_pb_section fullwidth=&#8221;on&#8221; specialty=&#8221;off&#8221; background_color=&#8221;#2e2e2e&#8221; inner_shadow=&#8221;off&#8221; parallax=&#8221;off&#8221;][et_pb_fullwidth_slider admin_label=&#8221;Fullwidth Slider&#8221; show_arrows=&#8221;off&#8221; show_pagination=&#8221;on&#8221; auto=&#8221;on&#8221; parallax=&#8221;on&#8221; auto_speed=&#8221;4000&#8243; parallax_method=&#8221;off&#8221;][et_pb_slide alignment=&#8221;center&#8221; background_layout=&#8221;dark&#8221; heading=&#8221;Dunavski dijalozi 2014&#8243; background_image=&#8221;http:\/\/danubeartfest.org\/srb\/wp-content\/uploads\/DSC_4683.jpg&#8221; background_color=&#8221;#ffffff&#8221; button_text=&#8221;\u201c14 X 14\u201d Vi\u0111enja dunavskog regiona&#8221; button_link=&#8221;http:\/\/danubeartfest.org\/srb\/project\/14&#215;14\/&#8221;]<\/p>\n<p>Avgust\u00a0\u2013 Septembar 2014.<\/p>\n<p>[\/et_pb_slide][et_pb_slide heading=&#8221;Okrugli sto&#8221; background_image=&#8221;http:\/\/danubeartfest.org\/srb\/wp-content\/uploads\/DSC_4769.jpg&#8221; background_color=&#8221;#ffffff&#8221; alignment=&#8221;center&#8221; background_layout=&#8221;dark&#8221; button_text=&#8221;Tema: Umetnost i kriza&#8221; button_link=&#8221;http:\/\/danubeartfest.org\/srb\/project\/okrugli-sto-umetnost-i-kriza\/&#8221; \/][et_pb_slide heading=&#8221;THINKtent by Nata\u0161a \u010ci\u010da (Australija)&#8221; background_image=&#8221;http:\/\/danubeartfest.org\/srb\/wp-content\/uploads\/DSC_4502.jpg&#8221; background_color=&#8221;#ffffff&#8221; alignment=&#8221;center&#8221; background_layout=&#8221;dark&#8221; button_text=&#8221;Dunavski kulturni identitet \u2013 da li umetnost zaista komunicira preko granica?&#8221; button_link=&#8221;http:\/\/danubeartfest.org\/srb\/project\/thinktent\/&#8221; \/][\/et_pb_fullwidth_slider][et_pb_fullwidth_portfolio admin_label=&#8221;Fullwidth Portfolio&#8221; fullwidth=&#8221;off&#8221; show_title=&#8221;on&#8221; show_date=&#8221;off&#8221; background_layout=&#8221;light&#8221; auto=&#8221;on&#8221; include_categories=&#8221;17&#8243; auto_speed=&#8221;2500&#8243; \/][\/et_pb_section][et_pb_section fullwidth=&#8221;off&#8221; specialty=&#8221;off&#8221; background_color=&#8221;#0097bf&#8221; inner_shadow=&#8221;off&#8221; parallax=&#8221;off&#8221; transparent_background=&#8221;off&#8221; parallax_method=&#8221;off&#8221;][et_pb_row][et_pb_column type=&#8221;4_4&#8243;][et_pb_text admin_label=&#8221;Text&#8221; background_layout=&#8221;dark&#8221; text_orientation=&#8221;center&#8221;]<\/p>\n<h3>Dunavski Dijalozi 2014<\/h3>\n<h2>Prate\u0107i programi\u00a0Festivala<\/h2>\n<p>[\/et_pb_text][\/et_pb_column][\/et_pb_row][\/et_pb_section][et_pb_section fullwidth=&#8221;on&#8221; specialty=&#8221;off&#8221;][et_pb_fullwidth_slider admin_label=&#8221;Fullwidth Slider&#8221; show_arrows=&#8221;off&#8221; show_pagination=&#8221;on&#8221; auto=&#8221;on&#8221; parallax=&#8221;on&#8221; parallax_method=&#8221;off&#8221; auto_speed=&#8221;3500&#8243;][et_pb_slide heading=&#8221;Slobodan Kne\u017eevi\u0107&#8221; button_text=&#8221;Nove grafike&#8221; background_image=&#8221;http:\/\/danubeartfest.org\/srb\/wp-content\/uploads\/DSC_4271.jpg&#8221; background_color=&#8221;#ffffff&#8221; alignment=&#8221;center&#8221; background_layout=&#8221;dark&#8221; button_link=&#8221;http:\/\/danubeartfest.org\/srb\/project\/slobodan-knezevic-nove-grafike\/&#8221; \/][et_pb_slide heading=&#8221;Dragan Vojvodi\u0107&#8221; button_text=&#8221;Art in Residance works&#8221; background_color=&#8221;#ffffff&#8221; alignment=&#8221;center&#8221; background_layout=&#8221;dark&#8221; background_image=&#8221;http:\/\/danubeartfest.org\/srb\/wp-content\/uploads\/DSC_4322.jpg&#8221; button_link=&#8221;http:\/\/danubeartfest.org\/srb\/project\/dragan-vojvodic-art-in-residency-works\/&#8221; \/][et_pb_slide heading=&#8221;MP_art performance&#8221; button_text=&#8221;MP_per_20 MAINSTREAM_SC&#8221; background_color=&#8221;#ffffff&#8221; alignment=&#8221;center&#8221; background_layout=&#8221;dark&#8221; background_image=&#8221;http:\/\/danubeartfest.org\/srb\/wp-content\/uploads\/DSC_4383.jpg&#8221; button_link=&#8221;http:\/\/danubeartfest.org\/srb\/project\/mp_art-performance-mp_per_20-mainstream_sc\/&#8221; \/][\/et_pb_fullwidth_slider][\/et_pb_section]<\/p>\n","protected":false},"excerpt":{"rendered":"<p><div class=\"et_pb_row et_pb_row_0 et_pb_row_empty\">\n\t\t\t\t\n\t\t\t\t\n\t\t\t\t\n\t\t\t\t\n\t\t\t\t\n\t\t\t<\/div> Avgust\u00a0\u2013 Septembar 2014. <div class=\"et_pb_row et_pb_row_1 et_pb_row_empty\">\n\t\t\t\t\n\t\t\t\t\n\t\t\t\t\n\t\t\t\t\n\t\t\t\t\n\t\t\t<\/div> Dunavski Dijalozi 2014 Prate\u0107i programi\u00a0Festivala<\/p>\n","protected":false},"author":2,"featured_media":0,"parent":0,"menu_order":0,"comment_status":"open","ping_status":"closed","template":"","meta":{"_et_pb_use_builder":"on","_et_pb_old_content":"<p>This is an example page. It's different from a blog post because it will stay in one place and will show up in your site navigation (in most themes). Most people start with an About page that introduces them to potential site visitors. It might say something like this:<\/p><blockquote><p>Hi there! I'm a bike messenger by day, aspiring actor by night, and this is my blog. I live in Los Angeles, have a great dog named Jack, and I like pi\u00f1a coladas. (And gettin' caught in the rain.)<\/p><\/blockquote><p>...or something like this:<\/p><blockquote><p>The XYZ Doohickey Company was founded in 1971, and has been providing quality doohickeys to the public ever since. Located in Gotham City, XYZ employs over 2,000 people and does all kinds of awesome things for the Gotham community.<\/p><\/blockquote><p>As a new WordPress user, you should go to <a href=\"http:\/\/danubeartfest.org\/web\/wp-admin\/\">your dashboard<\/a> to delete this page and create new pages for your content. Have fun!<\/p>","_et_gb_content_width":"","footnotes":""},"class_list":["post-2264","page","type-page","status-publish","hentry"],"_links":{"self":[{"href":"http:\/\/danubeartfest.org\/srb\/wp-json\/wp\/v2\/pages\/2264","targetHints":{"allow":["GET"]}}],"collection":[{"href":"http:\/\/danubeartfest.org\/srb\/wp-json\/wp\/v2\/pages"}],"about":[{"href":"http:\/\/danubeartfest.org\/srb\/wp-json\/wp\/v2\/types\/page"}],"author":[{"embeddable":true,"href":"http:\/\/danubeartfest.org\/srb\/wp-json\/wp\/v2\/users\/2"}],"replies":[{"embeddable":true,"href":"http:\/\/danubeartfest.org\/srb\/wp-json\/wp\/v2\/comments?post=2264"}],"version-history":[{"count":0,"href":"http:\/\/danubeartfest.org\/srb\/wp-json\/wp\/v2\/pages\/2264\/revisions"}],"wp:attachment":[{"href":"http:\/\/danubeartfest.org\/srb\/wp-json\/wp\/v2\/media?parent=2264"}],"curies":[{"name":"wp","href":"https:\/\/api.w.org\/{rel}","templated":true}]}}