{"id":3614,"date":"2016-07-11T12:34:05","date_gmt":"2016-07-11T12:34:05","guid":{"rendered":"http:\/\/danubeartfest.org\/?page_id=3614"},"modified":"2016-08-30T12:28:09","modified_gmt":"2016-08-30T12:28:09","slug":"program-2016","status":"publish","type":"page","link":"http:\/\/danubeartfest.org\/srb\/program-2016\/","title":{"rendered":"Program 2016"},"content":{"rendered":"<p>[et_pb_section admin_label=&#8221;section&#8221; inner_shadow=&#8221;off&#8221; parallax=&#8221;on&#8221; background_color=&#8221;#686c74&#8243; transparent_background=&#8221;off&#8221; allow_player_pause=&#8221;off&#8221; parallax_method=&#8221;off&#8221; padding_mobile=&#8221;off&#8221; make_fullwidth=&#8221;off&#8221; use_custom_width=&#8221;off&#8221; width_unit=&#8221;on&#8221; make_equal=&#8221;off&#8221; use_custom_gutter=&#8221;off&#8221; background_image=&#8221;http:\/\/danubeartfest.org\/srb\/wp-content\/uploads\/Water-Splash-95.jpg&#8221;][et_pb_row admin_label=&#8221;row&#8221;][et_pb_column type=&#8221;4_4&#8243;][et_pb_divider admin_label=&#8221;Divider&#8221; color=&#8221;#ffffff&#8221; show_divider=&#8221;off&#8221; height=&#8221;70&#8243;] [\/et_pb_divider][et_pb_text admin_label=&#8221;Text&#8221; background_layout=&#8221;dark&#8221; text_orientation=&#8221;center&#8221; use_border_color=&#8221;off&#8221; border_color=&#8221;#ffffff&#8221; border_style=&#8221;solid&#8221;]<\/p>\n<h1>DD2016 \/\/ UMETNOST U OKRU\u017dENJU GLOBALNE NESIGURNOSTI<\/h1>\n<h2>OTVARANJE IZLO\u017dBI I LOKACIJE<\/h2>\n<p>[\/et_pb_text][\/et_pb_column][\/et_pb_row][et_pb_row admin_label=&#8221;row&#8221;][et_pb_column type=&#8221;1_3&#8243;][et_pb_text admin_label=&#8221;Text&#8221; background_layout=&#8221;dark&#8221; text_orientation=&#8221;left&#8221; use_border_color=&#8221;off&#8221; border_color=&#8221;#ffffff&#8221; border_style=&#8221;solid&#8221;]<\/p>\n<h2><strong>Ponedeljak 29. avgust 2016, Novi Sad<\/strong><\/h2>\n<p>18.00\u201320.00<\/p>\n<p>Slovenija: <strong>Uro\u0161 Weinberger<\/strong><br \/>\nGalerija Bel Art, Bul. Mihajla Pupina 17<\/p>\n<p>Crna Gora: <strong>Milena Jovi\u010devi\u0107<\/strong><br \/>\nMali likovni salon, Bul. Mihajla Pupina 9<\/p>\n<p>Bosna i Hercegovina: <strong>Premec Daniel i Nela Hasanbegovi\u0107<\/strong><br \/>\nGalerija SULUV, Bul. Mihajla Pupina 9<\/p>\n<p>Austrija: <strong>Franz Stefan Kohl, Christian Cap i Michael Endlicher<\/strong><br \/>\nGalerija Kulturnog centra Novog Sada, Katoli\u010dka porta 5<\/p>\n<p>Srbija: <strong>diSTRUKTURA, \u017dolt Kova\u010d, Ivana Ivkovi\u0107, \u0160kart<\/strong><br \/>\nArhiv Vojvodine, Dunavska 35<\/p>\n<p>[\/et_pb_text][\/et_pb_column][et_pb_column type=&#8221;1_3&#8243;][et_pb_text admin_label=&#8221;Text&#8221; background_layout=&#8221;dark&#8221; text_orientation=&#8221;left&#8221; use_border_color=&#8221;off&#8221; border_color=&#8221;#ffffff&#8221; border_style=&#8221;solid&#8221;]<\/p>\n<h2><strong>Utorak 30. avgust 2016, Novi Sad<\/strong><\/h2>\n<p>13.00<br \/>\nMoldavija: <strong>Tatjana Fjodorova<\/strong><br \/>\nMSUV (kino sala), Dunavska 37<\/p>\n<p>19.00\u201320.00<br \/>\nGalerija likovne umetnosti poklon zbirka Rajka Mamuzi\u0107a, Vase Staji\u0107a 1<\/p>\n<ul>\n<li>Hrvatska: <strong>Ana Petrovi\u0107<\/strong><\/li>\n<li>Ma\u0111arska: <strong>Gy\u00f6rgy Olajos<\/strong><\/li>\n<li>Slova\u010dka: <strong>Radovan \u010cerevka<\/strong><\/li>\n<li>Bugarska: <strong>Venelin Shurelov<br \/>\n<\/strong><\/li>\n<li>Nema\u010dka: <strong>Urlike Kessl<\/strong><\/li>\n<li>\u010ce\u0161ka Republika: <strong>Lukas Kellner<\/strong><\/li>\n<li>Rumunija: <strong>David Iancu i Simion Denis<\/strong><\/li>\n<li>Makedonija: <strong>Velimir \u017dernovski<\/strong><\/li>\n<\/ul>\n<p><em>Izlo\u017ebe otvara Mladen Lu\u010di\u0107,\u00a0muzejski savetnik (MSUI, Pula, Hrvatska) \u201eKriti\u010dar u fokusu\u201c festivala Dunavski dijalozi 2016.<\/em><\/p>\n<h4><\/h4>\n<p>[\/et_pb_text][\/et_pb_column][et_pb_column type=&#8221;1_3&#8243;][et_pb_text admin_label=&#8221;Text&#8221; background_layout=&#8221;dark&#8221; text_orientation=&#8221;left&#8221; use_border_color=&#8221;off&#8221; border_color=&#8221;#ffffff&#8221; border_style=&#8221;solid&#8221;]<\/p>\n<h2><strong>Lokacije<\/strong><\/h2>\n<p>[\/et_pb_text][et_pb_code admin_label=&#8221;Code&#8221;]&lt;iframe src=&#8221;https:\/\/www.google.com\/maps\/d\/embed?mid=10MGLhVR-MihF6OGAFe9I4-mJJpk&#8221; width=&#8221;640&#8243; height=&#8221;480&#8243;&gt;&lt;\/iframe&gt;[\/et_pb_code][\/et_pb_column][\/et_pb_row][\/et_pb_section][et_pb_section admin_label=&#8221;Section&#8221; fullwidth=&#8221;on&#8221; specialty=&#8221;off&#8221;][et_pb_fullwidth_slider admin_label=&#8221;Fullwidth Slider&#8221; show_arrows=&#8221;off&#8221; show_pagination=&#8221;off&#8221; auto=&#8221;on&#8221; auto_ignore_hover=&#8221;on&#8221; parallax=&#8221;off&#8221; parallax_method=&#8221;off&#8221; remove_inner_shadow=&#8221;off&#8221; background_position=&#8221;default&#8221; background_size=&#8221;default&#8221; hide_content_on_mobile=&#8221;off&#8221; hide_cta_on_mobile=&#8221;off&#8221; show_image_video_mobile=&#8221;off&#8221; custom_button=&#8221;off&#8221; button_letter_spacing=&#8221;0&#8243; button_use_icon=&#8221;default&#8221; button_icon_placement=&#8221;right&#8221; button_on_hover=&#8221;on&#8221; button_letter_spacing_hover=&#8221;0&#8243; auto_speed=&#8221;8000&#8243;] [et_pb_slide heading=&#8221;Simpozijum&#8221; background_position=&#8221;default&#8221; background_size=&#8221;default&#8221; background_color=&#8221;#ffffff&#8221; use_bg_overlay=&#8221;off&#8221; use_text_overlay=&#8221;off&#8221; alignment=&#8221;center&#8221; background_layout=&#8221;light&#8221; allow_player_pause=&#8221;off&#8221; text_border_radius=&#8221;3&#8243; header_font_select=&#8221;default&#8221; header_font=&#8221;||||&#8221; body_font_select=&#8221;default&#8221; body_font=&#8221;||||&#8221; custom_button=&#8221;off&#8221; button_font_select=&#8221;default&#8221; button_font=&#8221;||||&#8221; button_use_icon=&#8221;default&#8221; button_icon_placement=&#8221;right&#8221; button_on_hover=&#8221;on&#8221; background_image=&#8221;http:\/\/danubeartfest.org\/web\/wp-content\/uploads\/IMG_4229-e1472200740294.jpg&#8221;]<\/p>\n<h2>Umetnost u okru\u017eju globalne nesigurnosti<br \/>\numetnost \/ kritika \/ politika<\/h2>\n<p>6. septembar 2016.<\/p>\n<p>&nbsp;<\/p>\n<p>[\/et_pb_slide][et_pb_slide heading=&#8221;Radionica: Linearno poimanje&#8221; background_position=&#8221;default&#8221; background_size=&#8221;default&#8221; background_color=&#8221;#4e6a78&#8243; use_bg_overlay=&#8221;off&#8221; use_text_overlay=&#8221;off&#8221; alignment=&#8221;center&#8221; background_layout=&#8221;dark&#8221; allow_player_pause=&#8221;off&#8221; text_border_radius=&#8221;3&#8243; header_font_select=&#8221;default&#8221; header_font=&#8221;||||&#8221; body_font_select=&#8221;default&#8221; body_font=&#8221;||||&#8221; custom_button=&#8221;off&#8221; button_font_select=&#8221;default&#8221; button_font=&#8221;||||&#8221; button_use_icon=&#8221;default&#8221; button_icon_placement=&#8221;right&#8221; button_on_hover=&#8221;on&#8221;]<\/p>\n<h3>OSCILACIJE \/ VIBRACIJE<\/h3>\n<p><strong>Akademija umetnosti iz Novog Sada \/\/ Akademija primenjenih umetnosti iz Be\u010da<\/strong><br \/>\n31. oktobar &#8211; 5. novembar 2016.<\/p>\n<p>&nbsp;<\/p>\n<p>&nbsp;<\/p>\n<p>[\/et_pb_slide] [\/et_pb_fullwidth_slider][\/et_pb_section]<\/p>\n","protected":false},"excerpt":{"rendered":"<p>DD2016 \/\/ UMETNOST U OKRU\u017dENJU GLOBALNE NESIGURNOSTI OTVARANJE IZLO\u017dBI I LOKACIJE Ponedeljak 29. avgust 2016, Novi Sad 18.00\u201320.00 Slovenija: Uro\u0161 Weinberger Galerija Bel Art, Bul. Mihajla Pupina 17 Crna Gora: Milena Jovi\u010devi\u0107 Mali likovni salon, Bul. Mihajla Pupina 9 Bosna i Hercegovina: Premec Daniel i Nela Hasanbegovi\u0107 Galerija SULUV, Bul. Mihajla Pupina 9 Austrija: Franz [&hellip;]<\/p>\n","protected":false},"author":2,"featured_media":0,"parent":0,"menu_order":0,"comment_status":"closed","ping_status":"closed","template":"","meta":{"_et_pb_use_builder":"on","_et_pb_old_content":"<h4><strong>29. avgust - 15. septembar 2016.<\/strong><\/h4><ul><li><strong>\u010cetrnaest izlo\u017ebi umetnika iz podunavskog makro regiona<br \/> <\/strong><em>Nema\u010dka, Austrija, Slova\u010dka Republika, Ma\u0111arska, Hrvatska, Srbija, Rumunija, Bugarska, Moldavija, \u010ce\u0161ka Republika, Slovenija, Crna Gora, Bosna i Hercegovina, Makedonija<br \/> Otvaranja izlo\u017ebi:<\/em> 29. i 30. avgust 2016.<\/li><\/ul><ul><li><strong>Edukativni program<\/strong>\u00a0(tuma\u010denje izlo\u017ebi i predavanja)<\/li><\/ul><h4><strong>6. septembar 2016.<\/strong><\/h4><ul><li><strong>Simpozijum<\/strong>\u00a0<em>Umetnost u okru\u017eju globalne nesigurnosti: umetnost \/ kritika \/ politika<\/em><\/li><\/ul><h4><strong>31. oktobar - 5. novembar 2016.<\/strong><\/h4><ul><li><strong>Radionica<\/strong>\u00a0<em>Linearno poimanje \u2013 OSCILACIJE \/ VIBRACIJE<br \/> <\/em>Akademija umetnosti iz Novog Sada i Akademija primenjenih umetnosti iz Be\u010da<\/li><\/ul><p>\u00a0<\/p><p><strong>OTVARANJE IZLO\u017dBI<\/strong><\/p><p><strong>UMETNOST U OKRU\u017dENJU GLOBALNE NESIGURNOSTI<\/strong><\/p><p><strong>Ponedeljak 29. avgust 2016, Novi Sad<\/strong><\/p><p><strong>18.00\u201320.00<\/strong><\/p><p>Slovenija: Uro\u0161 Weinberger, <em>Galerija Bel Art<\/em>, Bul. Mihajla Pupina 17<\/p><p>Crna Gora: Milena Jovi\u010devi\u0107, <em>Mali likovni salon<\/em>, Bul. Mihajla Pupina 9<\/p><p>Bosna i Hercegovina: Premec Daniel i Nela Hasanbegovi\u0107, <em>Galerija SULUV<\/em>, Bul. Mihajla Pupina 9<\/p><p>Austrija: Franz Stefan Kohl, Christian Cap i Michael Endlicher, <em>Galerija Kulturnog centra Novog Sada<\/em>, Katoli\u010dka porta 5<\/p><p>Srbija: diSTRUKTURA, \u017dolt Kova\u010d, Ivana Ivkovi\u0107, \u0160kart, <em>Arhiv Vojvodine<\/em>, Dunavska 35<\/p><p>\u00a0<\/p><p><strong>Utorak 30. avgust 2016, Novi Sad<\/strong><\/p><p><strong>13.00<\/strong><\/p><p>Moldavija: Tatjana Fjodorova, <em>MSUV<\/em> (kino sala), Dunavska 37<\/p><p><strong>19.00\u201320.00<\/strong><\/p><p><em>Galerija likovne umetnosti poklon zbirka Rajka Mamuzi\u0107a<\/em>, Vase Staji\u0107a 1<\/p><p>Hrvatska: Ana Petrovi\u0107<\/p><p>Ma\u0111arska: Gy<em>\u00f6<\/em>rgy Olajos<\/p><p>Slova\u010dka: Radovan \u010cerevka<\/p><p>Bugarska: Venelin Shurelov<\/p><p>Nema\u010dka: Urlike Kessl<\/p><p>\u010ce\u0161ka Republika: Lukas Kellner<\/p><p>Rumunija: Comiancu David Ciprian i Simon Denise<\/p><p>Makedonija: Velimir \u017dernovski<\/p><p>Izlo\u017ebe otvara Mladen Lu\u010di\u0107, muzejski savetnik (<em>MSUI<\/em>, Pula, Hrvatska) \u201eKriti\u010dar u fokusu\u201c festivala <em>Dunavski dijalozi 2016.<\/em><\/p>","_et_gb_content_width":"","footnotes":""},"class_list":["post-3614","page","type-page","status-publish","hentry"],"_links":{"self":[{"href":"http:\/\/danubeartfest.org\/srb\/wp-json\/wp\/v2\/pages\/3614","targetHints":{"allow":["GET"]}}],"collection":[{"href":"http:\/\/danubeartfest.org\/srb\/wp-json\/wp\/v2\/pages"}],"about":[{"href":"http:\/\/danubeartfest.org\/srb\/wp-json\/wp\/v2\/types\/page"}],"author":[{"embeddable":true,"href":"http:\/\/danubeartfest.org\/srb\/wp-json\/wp\/v2\/users\/2"}],"replies":[{"embeddable":true,"href":"http:\/\/danubeartfest.org\/srb\/wp-json\/wp\/v2\/comments?post=3614"}],"version-history":[{"count":0,"href":"http:\/\/danubeartfest.org\/srb\/wp-json\/wp\/v2\/pages\/3614\/revisions"}],"wp:attachment":[{"href":"http:\/\/danubeartfest.org\/srb\/wp-json\/wp\/v2\/media?parent=3614"}],"curies":[{"name":"wp","href":"https:\/\/api.w.org\/{rel}","templated":true}]}}