{"id":4219,"date":"2018-07-29T07:18:23","date_gmt":"2018-07-29T07:18:23","guid":{"rendered":"http:\/\/danubeartfest.org\/srb\/?page_id=4219"},"modified":"2018-09-07T11:41:30","modified_gmt":"2018-09-07T11:41:30","slug":"festival-2018","status":"publish","type":"page","link":"http:\/\/danubeartfest.org\/srb\/festival-2018\/","title":{"rendered":"Festival 2018"},"content":{"rendered":"<p>[et_pb_section bb_built=&#8221;1&#8243;][et_pb_row][et_pb_column type=&#8221;4_4&#8243;][et_pb_text _builder_version=&#8221;3.10.2&#8243;]<\/p>\n<p>DUNAVSKI DIJALOZI 2018<\/p>\n<h1>Program festivala<\/h1>\n<h2>\u201cUpotreba \u010doveka\u201d<\/h2>\n<p>Organizacija: Galerija Bel Art<br \/>\nPodr\u017ean od strane: Grada Novog Sada, Pokrajinskog sekretarijata za kulturu, javno informisanje i odnose s verskim zajednicama, Ministarstva kulture i informisanja Republike Srbije, Fondacije Novi Sad 2021, Austrijskog kulturnog foruma u Beogradu, Erste banke<\/p>\n<h3>Otvaranja:<\/h3>\n<p>28. i 29. avgust 2018, Novi Sad<br \/>\n7. septmbar 2018, Petrovaradin<\/p>\n<h3>Izlo\u017ebe podunavskih zemalja<\/h3>\n<ul>\n<li>Nema\u010dka: Volfgang \u0160mit; Mali likovni salon, Bul Mihajla Pupina 9<\/li>\n<li>Austrija: Gerlinde Tuma; Galerija likovne umetnosti Poklon zbirka Rajka Mamuzi\u0107a, Vase Staji\u0107a 1<\/li>\n<li>Slova\u010dka: Olivera Stefanovi\u010d Tria\u0161ka i Jan Skalican; Art klub KCNS, Katoli\u010dka porta 5<\/li>\n<li>Ma\u0111arska: dr Bela Marija\u0161; Galerija SULUV-a, Bul. Mihajla Pupina 9<\/li>\n<li>Hrvatska: Martina Grli\u0107, Glido Bak\u010devi\u0107, Vedran Perkov; Likovni salon KCNS, Katoli\u010dka porta 5<\/li>\n<li>Srbija: Davor Duki\u0107; Galerija Bel Art, Bul. Mihajla Pupina 17<\/li>\n<li>Bugarska: Aleksandar Val\u010dev; Galerija Arhiva Vojvodine, \u017deljka Vasiljevi\u0107a 2A<\/li>\n<li>Ukrajina: Igor \u010ceka\u010dkov; Galerija SANU Ogranak u Novom Sadu, Nikole pa\u0161i\u0107a 6<\/li>\n<li>Moldavija: Tatjana Fjodorova; Galerija likovne umetnosti Poklon zbirka Rajka Mamuzi\u0107a, Vase Staji\u0107a 1<\/li>\n<\/ul>\n<h3>TEMI\u0160VAR \u2013 NOVI SAD EVROPSKE PRESTONICE KULTURE 2021<\/h3>\n<ul>\n<li>Umetni\u010dki dijalog: Temi\u0161var-Novi Sad Aura Balanesku\/Stevan Koji\u0107, Nikolaj Vel\u010dov\/Milo\u0161 Vujanovi\u0107, Liliana Mer\u0107ou\/Rastislav \u0160kulec. Kustosi izlo\u017ebe su Maria Orosan Telea (Temi\u0161var) i Sava Stepanov\u00a0 (Novi Sad). Galerija likovne umetnosti poklon zbirka Rajka Mamuzi\u0107a, Vase Staji\u0107a 1<\/li>\n<li>Okrugli sto: Temi\u0161var &#8211; Novi Sad: aktuelna umetni\u010dka scena i perspektive saradnje na putu ka Evropskoj prestonici kulture 2021, Galerija likovne umetnosti poklon zbirka Rajka Mamuzi\u0107a, Vase Staji\u0107a 1<\/li>\n<\/ul>\n<h3>PRATE\u0106I PROGRAMI<\/h3>\n<ul>\n<li>Me\u0111unarodni simpozijum Terra (Kikinda) &#8211; skulpture umetnika iz podunavskih zemalja: Ulrike Kesel, Nela Horstmeier (Nema\u010dka), Ignac Kineast , Robert Gundolf (Austria), Antal Pazmandi, Beata Ro\u0161ta\u0161 (Ma\u0111arska), Peru\u0161ko Bogdani\u0107 , Miro Vuco, Ivan Ko\u017eari\u0107, \u0110anino Bo\u017ei\u0107 (Hrvatska), Miroslava Koji\u0107 , Mr\u0111an Baji\u0107, Olga Jevri\u0107 , Zdravko Joksimovi\u0107 (Srbija), Simona Tanasescu, Delia Brandulescu , Eugen Barzu, Nada Stoji\u0107i (Rumunija), Roszitca Trendafilova, Dobromir Georgijev (Bugarska); Vrt Galerije Matice srpske, Trg Galerija 1<\/li>\n<li>Edukativna radionica za u\u010denike srednjih \u0161kola \u201cKako razumem savremenu umetnost\u201d; EU info point Novi Sad, Bul. Mihajala Pupina 17<\/li>\n<\/ul>\n<h3>Program za petak, 7. septembar 2018:<\/h3>\n<h4>19.00h NOVI SAD +<\/h4>\n<p><strong>Goran Despotovski &#8211; ambijentalna instalacija;<\/strong> PROSTOR, Beogradska 11, Gradi\u0107, Petrovaradin<\/p>\n<h4>20.00h PerformaNS<\/h4>\n<ul>\n<li><strong>Zoran Paveli\u0107 (Hrvatska)<\/strong> plato Petovaradinske Tvr\u0111ave kod sata,<\/li>\n<li><strong>Spartak Duli\u0107 (Srbija)<\/strong> \u0160torsmajerova 18, Gradi\u0107, Petrovaradin<\/li>\n<li><strong>Kata Mijatovi\u0107 (Hrvatska)<\/strong>, Trg Vladike Nikolaja, Gradi\u0107, Petrovaradin<\/li>\n<\/ul>\n<h4>21.00h NOVI SAD +<\/h4>\n<ul>\n<li><strong>Nikola Macura, Danica Bi\u0107ani\u0107, Mirjana Blagojev; instalacije<\/strong>,\u00a0Trg vladike Nikolaja, Gradi\u0107, Petrovaradin<\/li>\n<\/ul>\n<p>&nbsp;<\/p>\n<h3>Cooperation extended<\/h3>\n<ul>\n<li>Oslip, Budimpe\u0161ta, Holabrun, Dortmund,<\/li>\n<\/ul>\n<p>[\/et_pb_text][\/et_pb_column][\/et_pb_row][\/et_pb_section]<\/p>\n","protected":false},"excerpt":{"rendered":"<p><div class=\"et_pb_row et_pb_row_0 et_pb_row_empty\">\n\t\t\t\t\n\t\t\t\t\n\t\t\t\t\n\t\t\t\t\n\t\t\t\t\n\t\t\t<\/div> DUNAVSKI DIJALOZI 2018 Program festivala \u201cUpotreba \u010doveka\u201d Organizacija: Galerija Bel Art Podr\u017ean od strane: Grada Novog Sada, Pokrajinskog sekretarijata za kulturu, javno informisanje i odnose s verskim zajednicama, Ministarstva kulture i informisanja Republike Srbije, Fondacije Novi Sad 2021, Austrijskog kulturnog foruma u Beogradu, Erste banke Otvaranja: 28. i 29. avgust 2018, Novi Sad 7. [&hellip;]<\/p>\n","protected":false},"author":2,"featured_media":0,"parent":0,"menu_order":0,"comment_status":"closed","ping_status":"closed","template":"","meta":{"_et_pb_use_builder":"on","_et_pb_old_content":"","_et_gb_content_width":"","footnotes":""},"class_list":["post-4219","page","type-page","status-publish","hentry"],"_links":{"self":[{"href":"http:\/\/danubeartfest.org\/srb\/wp-json\/wp\/v2\/pages\/4219","targetHints":{"allow":["GET"]}}],"collection":[{"href":"http:\/\/danubeartfest.org\/srb\/wp-json\/wp\/v2\/pages"}],"about":[{"href":"http:\/\/danubeartfest.org\/srb\/wp-json\/wp\/v2\/types\/page"}],"author":[{"embeddable":true,"href":"http:\/\/danubeartfest.org\/srb\/wp-json\/wp\/v2\/users\/2"}],"replies":[{"embeddable":true,"href":"http:\/\/danubeartfest.org\/srb\/wp-json\/wp\/v2\/comments?post=4219"}],"version-history":[{"count":0,"href":"http:\/\/danubeartfest.org\/srb\/wp-json\/wp\/v2\/pages\/4219\/revisions"}],"wp:attachment":[{"href":"http:\/\/danubeartfest.org\/srb\/wp-json\/wp\/v2\/media?parent=4219"}],"curies":[{"name":"wp","href":"https:\/\/api.w.org\/{rel}","templated":true}]}}