{"id":4224,"date":"2018-07-29T07:23:56","date_gmt":"2018-07-29T07:23:56","guid":{"rendered":"http:\/\/danubeartfest.org\/srb\/?page_id=4224"},"modified":"2021-08-18T22:54:53","modified_gmt":"2021-08-18T22:54:53","slug":"o-festivalu","status":"publish","type":"page","link":"http:\/\/danubeartfest.org\/srb\/o-festivalu\/","title":{"rendered":"O festivalu"},"content":{"rendered":"<p>[et_pb_section fb_built=&#8221;1&#8243; admin_label=&#8221;section&#8221; _builder_version=&#8221;3.22&#8243; global_colors_info=&#8221;{}&#8221;][et_pb_row admin_label=&#8221;row&#8221; _builder_version=&#8221;3.25&#8243; background_size=&#8221;initial&#8221; background_position=&#8221;top_left&#8221; background_repeat=&#8221;repeat&#8221; global_colors_info=&#8221;{}&#8221;][et_pb_column type=&#8221;4_4&#8243; _builder_version=&#8221;3.25&#8243; custom_padding=&#8221;|||&#8221; global_colors_info=&#8221;{}&#8221; custom_padding__hover=&#8221;|||&#8221;][et_pb_text _builder_version=&#8221;4.9.10&#8243; background_size=&#8221;initial&#8221; background_position=&#8221;top_left&#8221; background_repeat=&#8221;repeat&#8221; use_border_color=&#8221;off&#8221; border_color=&#8221;#ffffff&#8221; border_style=&#8221;solid&#8221; global_colors_info=&#8221;{}&#8221;]<\/p>\n<p>Festival savremene umetnosti Dunavski dijalozi je me\u0111unarodni multimedijalni mozai\u010dki festival vizuelnih umetnosti podunavskih zemalja koji se istovrememeno de\u0161ava u galerijskim i alterantivnim prostorima Novog Sada.\u00a0<\/p>\n<p>Umetnici, kustosi i teoreti\u010dari umetnosti iz 14 zemalja podunavskog makro regiona pru\u017eaju zanimljiv uvid u aktuelne umetni\u010dke tokove ovog evropskog regiona.\u00a0Ovakvo regionalno sagledavanje zbivanja u aktuelnoj umetnosti ima puno razloga. Dunavska geografija, od Crne \u0161ume (\u0160varcvald) pa do Crnog mora, spaja razvijenu centralnu Evropu sa manje razvijenim zemljama kriznog zapadnog balkanskog podru\u010dja i zemljama biv\u0161eg Isto\u010dnog bloka. Brojni aktuelni integrativni procesi u okviru Evropske unije, u\u010dinili su da se umetnosti iz ovih zemalja pribli\u017ee, da budu kompatibilnije, a samim tim interesantnije i vidljivije.<\/p>\n<p>Koncepcija Festivala je zasnovana na reprezentativnom izlo\u017ebenom prikazivanju umetnika iz svake od podunavskih zemalja, na dijalo\u0161kim izlo\u017ebenim postavkama izme\u0111u umetnika iz Srbije i odabrane podunavske zemlje, na pa\u017eljivo koncipiranim simpozijumskim temama, na zasebnom prikazivanju doma\u0107ih umetnika u okviru ove internacionalne manifestacije, na post-programskim izlo\u017ebenim produkcijama koje omogu\u0107uju izlaganje na\u0161ih umetnika u inostranstvu.<\/p>\n<p>Festival je pokrenula Galerija Bel Art 2012. godine kao pilot projekat, a od 2013. je prire\u0111eno \u0161est izdanja. Na Festivalu je do sada u\u010destvovalo preko 400 umetnika, kustosa i tereti\u010dara umetnosti iz podunavskog makro regiona (Nema\u010dka, Austrija, Slova\u010dka, Ma\u0111arska, Hrvatska, Srbija, Rumunija, Bugarska, Ukrajina, Slovenija, BiH, Republika Srpska, Crna Gora, \u010ce\u0161ka, Makedonija). Svake godine se obra\u0111uje nova, zanimljiva i aktuelna tema: \u201cUmetnosti i kriza\u201c (2014), \u201eUmetnost u doba (ne)emocionalnosti\u201c (2015), \u201eUmetnost u okru\u017eenju globalne nesigurnosti\u201c (2016), \u201eEstetika intimnog\u201c (2017), \u201eUpotreba \u010doveka\u201c (2018) .<\/p>\n<p>[\/et_pb_text][\/et_pb_column][\/et_pb_row][et_pb_row column_structure=&#8221;1_2,1_2&#8243; admin_label=&#8221;row&#8221; _builder_version=&#8221;3.25&#8243; background_size=&#8221;initial&#8221; background_position=&#8221;top_left&#8221; background_repeat=&#8221;repeat&#8221; global_colors_info=&#8221;{}&#8221;][et_pb_column type=&#8221;1_2&#8243; _builder_version=&#8221;3.25&#8243; custom_padding=&#8221;|||&#8221; global_colors_info=&#8221;{}&#8221; custom_padding__hover=&#8221;|||&#8221;][et_pb_text _builder_version=&#8221;3.27.4&#8243; background_size=&#8221;initial&#8221; background_position=&#8221;top_left&#8221; background_repeat=&#8221;repeat&#8221; use_border_color=&#8221;off&#8221; global_colors_info=&#8221;{}&#8221;]<\/p>\n<h3>MISIJA<\/h3>\n<p>Na\u0161a misija je razvijanje platforme za predstavljanje i sagledavanje aktuelnih trendova u savremenoj vizuelnoj umetnosti, umetni\u010dku saradnju i razmenu u podunavskom regionu.<br \/>\n[\/et_pb_text][\/et_pb_column][et_pb_column type=&#8221;1_2&#8243; _builder_version=&#8221;3.25&#8243; custom_padding=&#8221;|||&#8221; global_colors_info=&#8221;{}&#8221; custom_padding__hover=&#8221;|||&#8221;][et_pb_text _builder_version=&#8221;3.27.4&#8243; background_size=&#8221;initial&#8221; background_position=&#8221;top_left&#8221; background_repeat=&#8221;repeat&#8221; use_border_color=&#8221;off&#8221; global_colors_info=&#8221;{}&#8221;]<\/p>\n<h3>VIZIJA<\/h3>\n<p>Festival savremene umetnosti Dunavkii dijalozi nastoji da postane referentna ta\u010dka na kulturnoj mapi regiona, mesto susretanja i promi\u0161ljanja razli\u010ditih umetni\u010dkih ideja, razmene iskustava, umetni\u010dke i teorijske prakse.<br \/>\n[\/et_pb_text][\/et_pb_column][\/et_pb_row][et_pb_row column_structure=&#8221;1_3,1_3,1_3&#8243; admin_label=&#8221;row&#8221; _builder_version=&#8221;3.25&#8243; background_size=&#8221;initial&#8221; background_position=&#8221;top_left&#8221; background_repeat=&#8221;repeat&#8221; global_colors_info=&#8221;{}&#8221;][et_pb_column type=&#8221;1_3&#8243; _builder_version=&#8221;3.25&#8243; custom_padding=&#8221;|||&#8221; global_colors_info=&#8221;{}&#8221; custom_padding__hover=&#8221;|||&#8221;][et_pb_text _builder_version=&#8221;3.27.4&#8243; background_size=&#8221;initial&#8221; background_position=&#8221;top_left&#8221; background_repeat=&#8221;repeat&#8221; use_border_color=&#8221;off&#8221; border_color=&#8221;#ffffff&#8221; border_style=&#8221;solid&#8221; global_colors_info=&#8221;{}&#8221;]OP\u0160TI CILJEVI<\/p>\n<ul>\n<li>pra\u0107enje i prezentacija savremenih tokova u vizuelnoj umetnosti<\/li>\n<li>razvoj kriti\u010dke misli<\/li>\n<li>razmena kustoskih praksi<\/li>\n<li>razmena iskustava i mobilnost umetnika<\/li>\n<li>edukacija mladih u oblasti savremene likovne i vizuelne umetnosti<\/li>\n<\/ul>\n<p>[\/et_pb_text][\/et_pb_column][et_pb_column type=&#8221;1_3&#8243; _builder_version=&#8221;3.25&#8243; custom_padding=&#8221;|||&#8221; global_colors_info=&#8221;{}&#8221; custom_padding__hover=&#8221;|||&#8221;][et_pb_text _builder_version=&#8221;3.27.4&#8243; background_size=&#8221;initial&#8221; background_position=&#8221;top_left&#8221; background_repeat=&#8221;repeat&#8221; use_border_color=&#8221;off&#8221; border_color=&#8221;#ffffff&#8221; border_style=&#8221;solid&#8221; global_colors_info=&#8221;{}&#8221;]ME\u0110UNARODNI CILJEVI<\/p>\n<ul>\n<li>uspostavljanje Novog Sada kao relevantne ta\u010dke me\u0111unarodne umetni\u010dke saradnje<\/li>\n<li>podr\u0161ka projektu Novi Sad EPK 2021<\/li>\n<li>razvoj saradni\u010dke mre\u017ee kao baze za efikasnu umetni\u010dku razmenu i saradnju u regionu<\/li>\n<li>predstavljanje i promovisanje doma\u0107e umetni\u010dke scene u inostranstvu<\/li>\n<\/ul>\n<p>[\/et_pb_text][\/et_pb_column][et_pb_column type=&#8221;1_3&#8243; _builder_version=&#8221;3.25&#8243; custom_padding=&#8221;|||&#8221; global_colors_info=&#8221;{}&#8221; custom_padding__hover=&#8221;|||&#8221;][et_pb_text _builder_version=&#8221;3.27.4&#8243; background_size=&#8221;initial&#8221; background_position=&#8221;top_left&#8221; background_repeat=&#8221;repeat&#8221; use_border_color=&#8221;off&#8221; border_color=&#8221;#ffffff&#8221; border_style=&#8221;solid&#8221; global_colors_info=&#8221;{}&#8221;]LOKALNI CILJEVI<\/p>\n<ul>\n<li>povezivanje dve obale Dunava i stvaranje jedinstveng umetni\u010dkog ambijenta<\/li>\n<li>o\u017eivljavanje Podgra\u0111a i ukazivanje na njegove potencijale<\/li>\n<\/ul>\n<p>[\/et_pb_text][\/et_pb_column][\/et_pb_row][et_pb_row admin_label=&#8221;row&#8221; _builder_version=&#8221;3.25&#8243; background_size=&#8221;initial&#8221; background_position=&#8221;top_left&#8221; background_repeat=&#8221;repeat&#8221; global_colors_info=&#8221;{}&#8221;][et_pb_column type=&#8221;4_4&#8243; _builder_version=&#8221;3.25&#8243; custom_padding=&#8221;|||&#8221; global_colors_info=&#8221;{}&#8221; custom_padding__hover=&#8221;|||&#8221;][et_pb_text _builder_version=&#8221;4.9.10&#8243; background_size=&#8221;initial&#8221; background_position=&#8221;top_left&#8221; background_repeat=&#8221;repeat&#8221; use_border_color=&#8221;off&#8221; border_color=&#8221;#ffffff&#8221; border_style=&#8221;solid&#8221; global_colors_info=&#8221;{}&#8221;]<\/p>\n<h2>tim festivala<\/h2>\n<p>[\/et_pb_text][et_pb_image src=&#8221;http:\/\/danubeartfest.org\/srb\/wp-content\/uploads\/DSC_5618-scaled.jpg&#8221; title_text=&#8221;DSC_5618&#8243; force_fullwidth=&#8221;on&#8221; _builder_version=&#8221;4.9.10&#8243; _module_preset=&#8221;default&#8221; global_colors_info=&#8221;{}&#8221;][\/et_pb_image][\/et_pb_column][\/et_pb_row][et_pb_row column_structure=&#8221;1_4,1_4,1_4,1_4&#8243; admin_label=&#8221;row&#8221; _builder_version=&#8221;3.25&#8243; background_size=&#8221;initial&#8221; background_position=&#8221;top_left&#8221; background_repeat=&#8221;repeat&#8221; global_colors_info=&#8221;{}&#8221;][et_pb_column type=&#8221;1_4&#8243; _builder_version=&#8221;3.25&#8243; custom_padding=&#8221;|||&#8221; global_colors_info=&#8221;{}&#8221; custom_padding__hover=&#8221;|||&#8221;][et_pb_team_member name=&#8221;Vesna Latinov\u0107&#8221; position=&#8221;osniva\u010d i direktorka festivala&#8221; image_url=&#8221;http:\/\/danubeartfest.org\/srb\/wp-content\/uploads\/DSC_5518-1024&#215;1024.jpg&#8221; _builder_version=&#8221;4.9.11&#8243; global_colors_info=&#8221;{}&#8221;][\/et_pb_team_member][\/et_pb_column][et_pb_column type=&#8221;1_4&#8243; _builder_version=&#8221;3.25&#8243; custom_padding=&#8221;|||&#8221; global_colors_info=&#8221;{}&#8221; custom_padding__hover=&#8221;|||&#8221;][et_pb_team_member name=&#8221;Sava Stepanov&#8221; position=&#8221;umetni\u010dki direktor&#8221; image_url=&#8221;http:\/\/danubeartfest.org\/srb\/wp-content\/uploads\/DSC_5535-1024&#215;1024.jpg&#8221; _builder_version=&#8221;4.9.11&#8243; global_colors_info=&#8221;{}&#8221;][\/et_pb_team_member][\/et_pb_column][et_pb_column type=&#8221;1_4&#8243; _builder_version=&#8221;3.25&#8243; custom_padding=&#8221;|||&#8221; global_colors_info=&#8221;{}&#8221; custom_padding__hover=&#8221;|||&#8221;][et_pb_team_member name=&#8221;Tijana Filipov Mezei&#8221; position=&#8221;projektna menad\u017eerka&#8221; image_url=&#8221;http:\/\/danubeartfest.org\/srb\/wp-content\/uploads\/DSC_5529-1024&#215;1024.jpg&#8221; _builder_version=&#8221;4.9.11&#8243; global_colors_info=&#8221;{}&#8221;][\/et_pb_team_member][\/et_pb_column][et_pb_column type=&#8221;1_4&#8243; _builder_version=&#8221;3.25&#8243; custom_padding=&#8221;|||&#8221; global_colors_info=&#8221;{}&#8221; custom_padding__hover=&#8221;|||&#8221;][et_pb_team_member name=&#8221;Du\u0161ka Latas&#8221; position=&#8221;PR menad\u017eerka&#8221; image_url=&#8221;http:\/\/danubeartfest.org\/srb\/wp-content\/uploads\/DSC_5582-1024&#215;1024.jpg&#8221; _builder_version=&#8221;4.9.11&#8243; global_colors_info=&#8221;{}&#8221;][\/et_pb_team_member][\/et_pb_column][\/et_pb_row][et_pb_row column_structure=&#8221;1_4,1_4,1_4,1_4&#8243; admin_label=&#8221;row&#8221; _builder_version=&#8221;3.25&#8243; background_size=&#8221;initial&#8221; background_position=&#8221;top_left&#8221; background_repeat=&#8221;repeat&#8221; global_colors_info=&#8221;{}&#8221;][et_pb_column type=&#8221;1_4&#8243; _builder_version=&#8221;3.25&#8243; custom_padding=&#8221;|||&#8221; global_colors_info=&#8221;{}&#8221; custom_padding__hover=&#8221;|||&#8221;][et_pb_team_member name=&#8221;Alena Klatikova&#8221; position=&#8221;asistentkinja&#8221; image_url=&#8221;http:\/\/danubeartfest.org\/srb\/wp-content\/uploads\/DSC_5577-1024&#215;1024.jpg&#8221; _builder_version=&#8221;4.9.10&#8243; global_colors_info=&#8221;{}&#8221;][\/et_pb_team_member][\/et_pb_column][et_pb_column type=&#8221;1_4&#8243; _builder_version=&#8221;3.25&#8243; custom_padding=&#8221;|||&#8221; global_colors_info=&#8221;{}&#8221; custom_padding__hover=&#8221;|||&#8221;][et_pb_team_member name=&#8221;Julijana Soldatovi\u0107&#8221; position=&#8221;protokol&#8221; image_url=&#8221;http:\/\/danubeartfest.org\/srb\/wp-content\/uploads\/DSC_5567-1024&#215;1024.jpg&#8221; _builder_version=&#8221;4.9.11&#8243; global_colors_info=&#8221;{}&#8221;][\/et_pb_team_member][\/et_pb_column][et_pb_column type=&#8221;1_4&#8243; _builder_version=&#8221;3.25&#8243; custom_padding=&#8221;|||&#8221; global_colors_info=&#8221;{}&#8221; custom_padding__hover=&#8221;|||&#8221;][et_pb_team_member name=&#8221;Tijana Jevri\u0107&#8221; position=&#8221;multimedija dizajnerka&#8221; image_url=&#8221;http:\/\/danubeartfest.org\/srb\/wp-content\/uploads\/DSC_5591-1024&#215;1024.jpg&#8221; _builder_version=&#8221;4.9.10&#8243; global_colors_info=&#8221;{}&#8221;][\/et_pb_team_member][\/et_pb_column][et_pb_column type=&#8221;1_4&#8243; _builder_version=&#8221;3.25&#8243; custom_padding=&#8221;|||&#8221; global_colors_info=&#8221;{}&#8221; custom_padding__hover=&#8221;|||&#8221;][et_pb_team_member name=&#8221;Marija Crveni Ze\u010devi\u0107&#8221; position=&#8221;fotografkinja&#8221; image_url=&#8221;http:\/\/danubeartfest.org\/srb\/wp-content\/uploads\/DSC_5579-copy-1024&#215;1024.jpg&#8221; _builder_version=&#8221;4.9.10&#8243; global_colors_info=&#8221;{}&#8221;][\/et_pb_team_member][\/et_pb_column][\/et_pb_row][et_pb_row column_structure=&#8221;1_4,1_4,1_4,1_4&#8243; admin_label=&#8221;row&#8221; _builder_version=&#8221;3.25&#8243; background_size=&#8221;initial&#8221; background_position=&#8221;top_left&#8221; background_repeat=&#8221;repeat&#8221; global_colors_info=&#8221;{}&#8221;][et_pb_column type=&#8221;1_4&#8243; _builder_version=&#8221;3.25&#8243; custom_padding=&#8221;|||&#8221; global_colors_info=&#8221;{}&#8221; custom_padding__hover=&#8221;|||&#8221;][et_pb_team_member name=&#8221;Mile Karanovi\u0107&#8221; position=&#8221;tehni\u010dar&#8221; image_url=&#8221;http:\/\/danubeartfest.org\/srb\/wp-content\/uploads\/DSC_5558.jpg&#8221; _builder_version=&#8221;4.9.10&#8243; global_colors_info=&#8221;{}&#8221;][\/et_pb_team_member][\/et_pb_column][et_pb_column type=&#8221;1_4&#8243; _builder_version=&#8221;3.25&#8243; custom_padding=&#8221;|||&#8221; global_colors_info=&#8221;{}&#8221; custom_padding__hover=&#8221;|||&#8221;][et_pb_team_member name=&#8221;Ljiljana Maletin Vojvodi\u0107&#8221; position=&#8221;urednica biltena&#8221; image_url=&#8221;http:\/\/danubeartfest.org\/srb\/wp-content\/uploads\/Finalljilja3-1024&#215;1024.jpg&#8221; _builder_version=&#8221;4.9.11&#8243; hover_enabled=&#8221;0&#8243; global_colors_info=&#8221;{}&#8221; title_text=&#8221;Finalljilja3&#8243; sticky_enabled=&#8221;0&#8243;][\/et_pb_team_member][\/et_pb_column][et_pb_column type=&#8221;1_4&#8243; _builder_version=&#8221;3.25&#8243; custom_padding=&#8221;|||&#8221; global_colors_info=&#8221;{}&#8221; custom_padding__hover=&#8221;|||&#8221;][et_pb_team_member name=&#8221;Ljubomir Maksimov&#8221; position=&#8221;dizjan&#8221; image_url=&#8221;http:\/\/danubeartfest.org\/srb\/wp-content\/uploads\/IMG_6177-1024&#215;1024.jpg&#8221; _builder_version=&#8221;4.9.10&#8243; global_colors_info=&#8221;{}&#8221;][\/et_pb_team_member][\/et_pb_column][et_pb_column type=&#8221;1_4&#8243; _builder_version=&#8221;3.25&#8243; custom_padding=&#8221;|||&#8221; global_colors_info=&#8221;{}&#8221; custom_padding__hover=&#8221;|||&#8221;][\/et_pb_column][\/et_pb_row][\/et_pb_section]<\/p>\n","protected":false},"excerpt":{"rendered":"<p>Festival savremene umetnosti Dunavski dijalozi je me\u0111unarodni multimedijalni mozai\u010dki festival vizuelnih umetnosti podunavskih zemalja koji se istovrememeno de\u0161ava u galerijskim i alterantivnim prostorima Novog Sada.\u00a0 Umetnici, kustosi i teoreti\u010dari umetnosti iz 14 zemalja podunavskog makro regiona pru\u017eaju zanimljiv uvid u aktuelne umetni\u010dke tokove ovog evropskog regiona.\u00a0Ovakvo regionalno sagledavanje zbivanja u aktuelnoj umetnosti ima puno razloga. [&hellip;]<\/p>\n","protected":false},"author":2,"featured_media":0,"parent":0,"menu_order":0,"comment_status":"closed","ping_status":"closed","template":"","meta":{"_et_pb_use_builder":"on","_et_pb_old_content":"<p>Festival savremene umetnosti Dunavski dijalozi je me\u0111unarodni multimedijalni mozai\u010dki festival vizuelnih umetnosti podunavskih zemalja koji se istovrememeno de\u0161ava u galerijskim i alterantivnim prostorima Novog Sada. Umetnici, kustosi i teoreti\u010dari umetnosti iz 14 zemalja podunavskog makro regiona pru\u017eaju zanimljiv uvid u aktuelne umetni\u010dke tokove ovog evropskog regiona.<\/p><p>Ovakvo regionalno sagledavanje zbivanja u aktuelnoj umetnosti ima puno razloga. Dunavska geografija, od Crne \u0161ume (\u0160varcvald) pa do Crnog mora, spaja razvijenu centralnu Evropu sa manje razvijenim zemljama kriznog zapadnog balkanskog podru\u010dja i zemljama biv\u0161eg Isto\u010dnog bloka. Brojni aktuelni integrativni procesi u okviru Evropske unije, u\u010dinili su da se umetnosti iz ovih zemalja pribli\u017ee, da budu kompatibilnije, a samim tim interesantnije i vidljivije.<\/p><p>Koncepcija Festivala je zasnovana na reprezentativnom izlo\u017ebenom prikazivanju umetnika iz svake od podunavskih zemalja, na dijalo\u0161kim izlo\u017ebenim postavkama izme\u0111u umetnika iz Srbije i odabrane podunavske zemlje, na pa\u017eljivo koncipiranim simpozijumskim temama, na zasebnom prikazivanju doma\u0107ih umetnika u okviru ove internacionalne manifestacije, na post-programskim izlo\u017ebenim produkcijama koje omogu\u0107uju izlaganje na\u0161ih umetnika u inostranstvu.<\/p><p>Festival je pokrenula Galerija Bel Art 2012. godine kao pilot projekat, a od 2013. je prire\u0111eno \u0161est izdanja. Na Festivalu je do sada u\u010destvovalo preko 400 umetnika, kustosa i tereti\u010dara umetnosti iz podunavskog makro regiona (Nema\u010dka, Austrija, Slova\u010dka, Ma\u0111arska, Hrvatska, Srbija, Rumunija, Bugarska, Ukrajina, Slovenija, BiH, Republika Srpska, Crna Gora, \u010ce\u0161ka, Makedonija). Svake godine se obra\u0111uje nova, zanimljiva i aktuelna tema: \u201cUmetnosti i kriza\u201c (2014), \u201eUmetnost u doba (ne)emocionalnosti\u201c (2015), \u201eUmetnost u okru\u017eenju globalne nesigurnosti\u201c (2016), \u201eEstetika intimnog\u201c (2017), \u201eUpotreba \u010doveka\u201c (2018) .<\/p><p>Misija, vizija i ciljevi<br \/>MISIJA<br \/>Na\u0161a misija je razvijanje platforme za predstavljanje i sagledavanje aktuelnih trendova u savremenoj vizuelnoj umetnosti, umetni\u010dku saradnju i razmenu u podunavskom regionu.<br \/>VIZIJA<br \/>Festival savremene umetnosti Dunavkii dijalozi nastoji da postane referentna ta\u010dka na kulturnoj mapi regiona, mesto susretanja i promi\u0161ljanja razli\u010ditih umetni\u010dkih ideja, razmene iskustava, umetni\u010dke i teorijske prakse.<br \/>OP\u0160TI CILjEVI<br \/>- pra\u0107enje i prezentacija savremenih tokova u vizuelnoj umetnosti<br \/>- razvoj kriti\u010dke misli<br \/>- razmena kustoskih praksi<br \/>- razmena iskustava i mobilnost umetnika<br \/>- edukacija mladih u oblasti savremene likovne i vizuelne umetnosti<br \/>LOKALNI CILjEVI<br \/>- povezivanje dve obale Dunava i stvaranje jedinstveng umetni\u010dkog ambijenta<br \/>- o\u017eivljavanje Podgra\u0111a i ukazivanje na njegove potencijale<br \/>ME\u0110UNARODNI CILjEVI<br \/>- uspostavljanje Novog Sada kao relevantne ta\u010dke me\u0111unarodne umetni\u010dke saradnje<br \/>- podr\u0161ka projektu Novi Sad EPK 2021<br \/>- razvoj saradni\u010dke mre\u017ee kao baze za efikasnu umetni\u010dku razmenu i saradnju u regionu<br \/>- predstavljanje i promovisanje doma\u0107e umetni\u010dke scene u inostranstvu<\/p><p>Management:<br \/>Vesna Latinovi\u0107, osniva\u010d i direktorka festivala<\/p><p>Sava Stepanov, umetni\u010dki direktor i selektor festivala<\/p><p>Na\u0161 tim:<\/p><p>Ljubomir Maksimov, dizajn<\/p><p>Marija Crveni, fotografije<\/p><p>Maja Erdeljanin, newsletter<\/p><p>Aleksandra Latinovi\u0107, hosting i volonteri<\/p><p>Ljiljana Maletin Vojvodi\u0107, edukacija<\/p><p>Mile Karanovi\u0107, logistika<\/p>","_et_gb_content_width":"","footnotes":""},"class_list":["post-4224","page","type-page","status-publish","hentry"],"_links":{"self":[{"href":"http:\/\/danubeartfest.org\/srb\/wp-json\/wp\/v2\/pages\/4224","targetHints":{"allow":["GET"]}}],"collection":[{"href":"http:\/\/danubeartfest.org\/srb\/wp-json\/wp\/v2\/pages"}],"about":[{"href":"http:\/\/danubeartfest.org\/srb\/wp-json\/wp\/v2\/types\/page"}],"author":[{"embeddable":true,"href":"http:\/\/danubeartfest.org\/srb\/wp-json\/wp\/v2\/users\/2"}],"replies":[{"embeddable":true,"href":"http:\/\/danubeartfest.org\/srb\/wp-json\/wp\/v2\/comments?post=4224"}],"version-history":[{"count":0,"href":"http:\/\/danubeartfest.org\/srb\/wp-json\/wp\/v2\/pages\/4224\/revisions"}],"wp:attachment":[{"href":"http:\/\/danubeartfest.org\/srb\/wp-json\/wp\/v2\/media?parent=4224"}],"curies":[{"name":"wp","href":"https:\/\/api.w.org\/{rel}","templated":true}]}}