{"id":4387,"date":"2019-05-08T10:32:31","date_gmt":"2019-05-08T10:32:31","guid":{"rendered":"http:\/\/danubeartfest.org\/srb\/?page_id=4387"},"modified":"2019-07-16T12:58:38","modified_gmt":"2019-07-16T12:58:38","slug":"festival-2019","status":"publish","type":"page","link":"http:\/\/danubeartfest.org\/srb\/festival-2019\/","title":{"rendered":"Festival 2019"},"content":{"rendered":"<p>[et_pb_section fb_built=&#8221;1&#8243; use_background_color_gradient=&#8221;on&#8221; background_color_gradient_start=&#8221;#7f7870&#8243; background_color_gradient_end=&#8221;#cebfa0&#8243; background_blend=&#8221;multiply&#8221; _builder_version=&#8221;3.22.7&#8243; background_image=&#8221;http:\/\/danubeartfest.org\/web\/wp-content\/uploads\/19667616_1010623252373778_8191201855426512104_o.jpg&#8221; custom_padding=&#8221;120px||120px|||&#8221;][et_pb_row _builder_version=&#8221;3.22.7&#8243;][et_pb_column type=&#8221;4_4&#8243; _builder_version=&#8221;3.22.7&#8243;][et_pb_cta use_background_color=&#8221;off&#8221; header_level=&#8221;h1&#8243; title=&#8221;DUNAVSKI DIJALOZI 2019&#8243; button_text=&#8221;Click Here&#8221; _builder_version=&#8221;3.22.7&#8243; custom_padding=&#8221;||1px|||&#8221; header_font=&#8221;||||||||&#8221; header_font_size=&#8221;42px&#8221; custom_margin=&#8221;||8px|||&#8221;]<\/p>\n<p>Festival savremene umetnosti \/\/ Novi Sad, Srbija<\/p>\n<p>[\/et_pb_cta][et_pb_countdown_timer use_background_color=&#8221;off&#8221; title=&#8221;Otvaranje Festivala&#8221; date_time=&#8221;2019-09-16 19:00&#8243; _builder_version=&#8221;3.22.7&#8243; custom_margin=&#8221;-17px|||||&#8221; custom_padding=&#8221;||0px|||&#8221;][\/et_pb_countdown_timer][\/et_pb_column][\/et_pb_row][\/et_pb_section][et_pb_section fb_built=&#8221;1&#8243; _builder_version=&#8221;3.22.7&#8243;][et_pb_row _builder_version=&#8221;3.22.7&#8243;][et_pb_column type=&#8221;4_4&#8243; _builder_version=&#8221;3.22.7&#8243;][et_pb_text _builder_version=&#8221;3.22.7&#8243; text_font=&#8221;||||||||&#8221; text_orientation=&#8221;center&#8221;]<\/p>\n<h1>Glavni program<\/h1>\n<p>[\/et_pb_text][\/et_pb_column][\/et_pb_row][et_pb_row _builder_version=&#8221;3.22.7&#8243;][et_pb_column type=&#8221;4_4&#8243; _builder_version=&#8221;3.22.7&#8243;][et_pb_text _builder_version=&#8221;3.22.7&#8243; text_font=&#8221;||||||||&#8221; background_color=&#8221;#7f7870&#8243; text_orientation=&#8221;center&#8221; background_layout=&#8221;dark&#8221; custom_padding=&#8221;60px|40px|60px|40px&#8221;]<\/p>\n<h4><span>CENTRALNA IZLO\u017dBA<\/span><\/h4>\n<h1>Percepcija savremenosti \u00a0&#8211; Univerzalno more<\/h1>\n<p><strong>kustoskinje Sanja Koji\u0107 Mladenov (Srbija) i Nikol Lezer (Nema\u010dka)<\/strong><\/p>\n<p><em>Muzej savremene umetnosti Vojvodine<\/em><\/p>\n<p>[\/et_pb_text][\/et_pb_column][\/et_pb_row][et_pb_row _builder_version=&#8221;3.22.7&#8243;][et_pb_column type=&#8221;4_4&#8243; _builder_version=&#8221;3.22.7&#8243;][et_pb_text _builder_version=&#8221;3.22.7&#8243; text_font=&#8221;||||||||&#8221; background_color=&#8221;#cebfa0&#8243; text_orientation=&#8221;center&#8221; background_layout=&#8221;dark&#8221; custom_padding=&#8221;60px|40px|60px|40px&#8221;]<\/p>\n<h1>Dijalozi na Dunavu<\/h1>\n<h4>\u00a0 umetni\u010dki dijalozi srpskih umetnika sa umetnicima<br \/>iz pojedina\u010dnih podunavskih zemalja<\/h4>\n<p><strong>kustos Sava Stepanov<\/strong><\/p>\n<p><em>Apatin, Bano\u0161tor , Petrovaradin, Sremski Karlovci, Novi Beograd, Viminacijum, Veliko Gradi\u0161te, Kladovo, juli, avgust, septembar<\/em><br \/><em>Muzej grada\u00a0Novog Sada, 16 i 17. septembar<\/em><\/p>\n<p>[\/et_pb_text][et_pb_text _builder_version=&#8221;3.22.7&#8243; text_font=&#8221;||||||||&#8221; background_color=&#8221;#686c74&#8243; text_orientation=&#8221;center&#8221; background_layout=&#8221;dark&#8221; custom_padding=&#8221;60px|40px|60px|40px&#8221;]<\/p>\n<h1>DUNAV +<\/h1>\n<h4>\u010detiri kamerne izlo\u017ebe zemalja PODUNAVSKOG makro regiona:<br \/>Slovenija, Republika \u010ce\u0161ka, Bosna i Hercegovina i Crna Gora<\/h4>\n<p><em>Galerija Bel art, Mali likovni salon, Galerija SULUV, Galerija Kulturnog Centra Novog Sada<\/em><\/p>\n<p>[\/et_pb_text][et_pb_text _builder_version=&#8221;3.22.7&#8243; text_font=&#8221;||||||||&#8221; background_color=&#8221;#ffffff&#8221; text_orientation=&#8221;center&#8221; custom_padding=&#8221;60px|40px|60px|40px&#8221;]<\/p>\n<h4>Zemlja gost Kina<\/h4>\n<h1>Kineska umetnost na putu svile<\/h1>\n<p><strong>kustos Ksiao Huang<\/strong><\/p>\n<p><em>Galerija Likovne umetnosti poklon zbirka Rajka Mauzi\u0107a, Novi Sad<\/em><\/p>\n<p>[\/et_pb_text][et_pb_text _builder_version=&#8221;3.22.7&#8243; text_font=&#8221;||||||||&#8221; background_color=&#8221;#cebfa0&#8243; text_orientation=&#8221;center&#8221; background_layout=&#8221;dark&#8221; custom_padding=&#8221;60px|40px|60px|40px&#8221;]<\/p>\n<h1>Prate\u0107i program<\/h1>\n<h4><span>performansi, video projekcije, radionice, predavanja, okrugli sto<\/span><\/h4>\n<p>[\/et_pb_text][\/et_pb_column][\/et_pb_row][\/et_pb_section]<\/p>\n","protected":false},"excerpt":{"rendered":"<p>Festival savremene umetnosti \/\/ Novi Sad, Srbija Glavni programCENTRALNA IZLO\u017dBA Percepcija savremenosti \u00a0&#8211; Univerzalno more kustoskinje Sanja Koji\u0107 Mladenov (Srbija) i Nikol Lezer (Nema\u010dka) Muzej savremene umetnosti VojvodineDijalozi na Dunavu \u00a0 umetni\u010dki dijalozi srpskih umetnika sa umetnicimaiz pojedina\u010dnih podunavskih zemalja kustos Sava Stepanov Apatin, Bano\u0161tor , Petrovaradin, Sremski Karlovci, Novi Beograd, Viminacijum, Veliko Gradi\u0161te, Kladovo, [&hellip;]<\/p>\n","protected":false},"author":2,"featured_media":0,"parent":0,"menu_order":0,"comment_status":"closed","ping_status":"closed","template":"","meta":{"_et_pb_use_builder":"on","_et_pb_old_content":"","_et_gb_content_width":"","footnotes":""},"class_list":["post-4387","page","type-page","status-publish","hentry"],"_links":{"self":[{"href":"http:\/\/danubeartfest.org\/srb\/wp-json\/wp\/v2\/pages\/4387","targetHints":{"allow":["GET"]}}],"collection":[{"href":"http:\/\/danubeartfest.org\/srb\/wp-json\/wp\/v2\/pages"}],"about":[{"href":"http:\/\/danubeartfest.org\/srb\/wp-json\/wp\/v2\/types\/page"}],"author":[{"embeddable":true,"href":"http:\/\/danubeartfest.org\/srb\/wp-json\/wp\/v2\/users\/2"}],"replies":[{"embeddable":true,"href":"http:\/\/danubeartfest.org\/srb\/wp-json\/wp\/v2\/comments?post=4387"}],"version-history":[{"count":0,"href":"http:\/\/danubeartfest.org\/srb\/wp-json\/wp\/v2\/pages\/4387\/revisions"}],"wp:attachment":[{"href":"http:\/\/danubeartfest.org\/srb\/wp-json\/wp\/v2\/media?parent=4387"}],"curies":[{"name":"wp","href":"https:\/\/api.w.org\/{rel}","templated":true}]}}