{"id":4775,"date":"2020-07-27T07:51:11","date_gmt":"2020-07-27T07:51:11","guid":{"rendered":"http:\/\/danubeartfest.org\/srb\/?page_id=4775"},"modified":"2020-09-08T10:02:47","modified_gmt":"2020-09-08T10:02:47","slug":"festival-2020","status":"publish","type":"page","link":"http:\/\/danubeartfest.org\/srb\/festival-2020\/","title":{"rendered":"Festival 2020"},"content":{"rendered":"<p>[et_pb_section fb_built=&#8221;1&#8243; _builder_version=&#8221;4.5.1&#8243; background_image=&#8221;http:\/\/danubeartfest.org\/web\/wp-content\/uploads\/HD2descoase-luise-2019.jpg&#8221; background_position=&#8221;bottom_center&#8221; background_blend=&#8221;multiply&#8221; min_height=&#8221;74px&#8221; custom_padding=&#8221;120px||120px|||&#8221;][et_pb_row _builder_version=&#8221;3.25&#8243; custom_padding=&#8221;0px||0px|||&#8221;][et_pb_column type=&#8221;4_4&#8243; _builder_version=&#8221;3.25&#8243; custom_padding=&#8221;|||&#8221; custom_padding__hover=&#8221;|||&#8221;][et_pb_cta title=&#8221;QUO VADIS HOMO?&#8221; _builder_version=&#8221;4.5.1&#8243; header_level=&#8221;h1&#8243; header_font=&#8221;||||||||&#8221; header_font_size=&#8221;42px&#8221; use_background_color=&#8221;off&#8221; min_height=&#8221;65px&#8221; custom_margin=&#8221;||1px|||&#8221; custom_padding=&#8221;||0px|||&#8221; hover_enabled=&#8221;0&#8243;]<\/p>\n<p class=\"s3\"><span class=\"s4\">Festival savremene umetnosti \/\/ Novi Sad<\/span><\/p>\n<h3 class=\"s3\"><span><strong>DUNAVSKI DIJALOZI 2020<\/strong><\/span><\/h3>\n<p class=\"s3\"><span style=\"font-size: 15px;\">8. &#8211; 28. Septembar<\/span><\/p>\n<h2 class=\"s5\"><\/h2>\n<p>[\/et_pb_cta][\/et_pb_column][\/et_pb_row][\/et_pb_section][et_pb_section fb_built=&#8221;1&#8243; _builder_version=&#8221;3.22.7&#8243;][et_pb_row _builder_version=&#8221;3.25&#8243;][et_pb_column type=&#8221;4_4&#8243; _builder_version=&#8221;3.25&#8243; custom_padding=&#8221;|||&#8221; custom_padding__hover=&#8221;|||&#8221;][et_pb_text _builder_version=&#8221;4.5.1&#8243; text_font=&#8221;||||||||&#8221; text_orientation=&#8221;center&#8221;]<\/p>\n<p><a href=\"http:\/\/danubeartfest.org\/srb\/festival-2020\/#covid19\">OTVARANJE IZLO\u017dBI (COVID19 INFO)<\/a><\/p>\n<p>[\/et_pb_text][et_pb_text _builder_version=&#8221;3.27.4&#8243; text_font=&#8221;||||||||&#8221; text_orientation=&#8221;center&#8221;]<\/p>\n<h1>Program festivala<\/h1>\n<p>[\/et_pb_text][\/et_pb_column][\/et_pb_row][et_pb_row _builder_version=&#8221;4.5.1&#8243; _module_preset=&#8221;default&#8221; column_structure=&#8221;1_2,1_2&#8243; hover_enabled=&#8221;0&#8243; custom_margin=&#8221;||80px||false|false&#8221;][et_pb_column _builder_version=&#8221;4.5.1&#8243; _module_preset=&#8221;default&#8221; type=&#8221;1_2&#8243;][et_pb_text _builder_version=&#8221;4.5.1&#8243; _module_preset=&#8221;default&#8221; hover_enabled=&#8221;0&#8243;]<\/p>\n<h2 class=\"s5\"><span class=\"s9\">Centralna izlo\u017eba<\/span><span class=\"s9\">:<br \/> QUO VADIS HOMO?<\/span><\/h2>\n<p><span class=\"s4\">Kustosti: <\/span><span class=\"s9\">Ami Barak<\/span><span class=\"s4\"> (Paris), \u00a0<\/span><span class=\"s9\">Sava Stepanov<\/span><span class=\"s4\"> (Novi Sad)<\/span><\/p>\n<p><span class=\"s7\">UMETNICI: <\/span><\/p>\n<p><span class=\"s7\">Anta<\/span><span class=\"s7\">l Lakner <\/span><span class=\"s9\">HUN, <\/span><span class=\"s7\">Ana Adamovi<\/span><span class=\"s7\">\u0107<\/span><span class=\"s9\"> SRB<\/span><span class=\"s9\">, <\/span><span class=\"s7\">Tatjana Danneberg<\/span><span class=\"s9\"> AUT, <\/span><span class=\"s7\">Pusha Petrov<\/span><span class=\"s9\"> ROU<\/span><span class=\"s9\">\/FRA<\/span><span class=\"s9\">, \u00a0<\/span><span class=\"s10\">Oto Hudec<\/span><span class=\"s11\"> S<\/span><span class=\"s11\">V<\/span><span class=\"s11\">k<\/span><span class=\"s12\">, <\/span><span class=\"s10\">Ivan Moudov<\/span><span class=\"s11\"> B<\/span><span class=\"s11\">G<\/span><span class=\"s11\">r<\/span><span class=\"s11\">, <\/span><span class=\"s7\">Oleksij Sai<\/span><span class=\"s9\"> UKR, <\/span><span class=\"s9\"><\/span><span class=\"s10\">Alexander Tinei<\/span><span class=\"s10\"><\/span><span class=\"s13\">HUN\/<\/span><span class=\"s13\">MDA <\/span><span class=\"s13\">,<\/span><span class=\"s10\">O<\/span><span class=\"s10\">ttmar Hoerl <\/span><span class=\"s10\"><\/span><span class=\"s13\">DEU<\/span><span class=\"s13\">, <\/span><span class=\"s10\">Ana Josipovi\u0107 <\/span><span class=\"s13\">CRO<\/span><span class=\"s10\">, Orjen \u0110uri\u0107 <\/span><span class=\"s13\">SRB<\/span><span class=\"s10\">, Milena Milosavljevi\u0107 <\/span><span class=\"s13\">SRB\/DEU, Stefan Luki\u0107 SRB<\/span><\/p>\n<p><span class=\"s4\"><strong><span class=\"s9\">&gt; Galerija likovne umetnosti P<\/span><span class=\"s9\">oklon zbirka Rajka Mamuzi\u0107a<\/span><\/strong>, Vase Staji\u0107a 1<\/span><\/p>\n<p>[\/et_pb_text][\/et_pb_column][et_pb_column _builder_version=&#8221;4.5.1&#8243; _module_preset=&#8221;default&#8221; type=&#8221;1_2&#8243;][et_pb_slider _builder_version=&#8221;4.5.1&#8243; _module_preset=&#8221;default&#8221; min_height=&#8221;400px&#8221; auto=&#8221;on&#8221; hover_enabled=&#8221;0&#8243; show_arrows=&#8221;off&#8221;][et_pb_slide _builder_version=&#8221;4.5.1&#8243; _module_preset=&#8221;default&#8221; background_enable_color=&#8221;off&#8221; background_image=&#8221;http:\/\/danubeartfest.org\/web\/wp-content\/uploads\/Ada_Kaleh4-scaled.jpg&#8221; background_enable_image=&#8221;on&#8221; hover_enabled=&#8221;0&#8243;][\/et_pb_slide][et_pb_slide _builder_version=&#8221;4.5.1&#8243; _module_preset=&#8221;default&#8221; background_enable_color=&#8221;off&#8221; background_image=&#8221;http:\/\/danubeartfest.org\/web\/wp-content\/uploads\/005-Orjen-\u0110uri\u0107-German33x27cm-1024&#215;683.jpg&#8221; background_enable_image=&#8221;on&#8221;][\/et_pb_slide][et_pb_slide _builder_version=&#8221;4.5.1&#8243; _module_preset=&#8221;default&#8221; background_enable_color=&#8221;off&#8221; background_image=&#8221;http:\/\/danubeartfest.org\/web\/wp-content\/uploads\/Stefan-Lukic-Naziv-rada_Daleko-koliko-me-noge-nose-Tehnika_crte\u017e-dogadjaj-Velicina_precnik-32km-Godina_2020-9-1024&#215;683.jpg&#8221; background_enable_image=&#8221;on&#8221;][\/et_pb_slide][et_pb_slide _builder_version=&#8221;4.5.1&#8243; _module_preset=&#8221;default&#8221; background_enable_color=&#8221;off&#8221; background_image=&#8221;http:\/\/danubeartfest.org\/web\/wp-content\/uploads\/DD2020-02-1024&#215;768.jpg&#8221; background_enable_image=&#8221;on&#8221;][\/et_pb_slide][et_pb_slide _builder_version=&#8221;4.5.1&#8243; _module_preset=&#8221;default&#8221; background_enable_color=&#8221;off&#8221; background_image=&#8221;http:\/\/danubeartfest.org\/web\/wp-content\/uploads\/DD2020-06-1024&#215;768.jpg&#8221; background_enable_image=&#8221;on&#8221;][\/et_pb_slide][\/et_pb_slider][\/et_pb_column][\/et_pb_row][et_pb_row _builder_version=&#8221;4.5.1&#8243; _module_preset=&#8221;default&#8221; column_structure=&#8221;1_2,1_2&#8243; hover_enabled=&#8221;0&#8243; custom_margin=&#8221;||80px||false|false&#8221;][et_pb_column _builder_version=&#8221;4.5.1&#8243; _module_preset=&#8221;default&#8221; type=&#8221;1_2&#8243;][et_pb_slider _builder_version=&#8221;4.5.1&#8243; _module_preset=&#8221;default&#8221; min_height=&#8221;400px&#8221; auto=&#8221;on&#8221; hover_enabled=&#8221;0&#8243; background_enable_image=&#8221;off&#8221; show_arrows=&#8221;off&#8221;][et_pb_slide _builder_version=&#8221;4.5.1&#8243; _module_preset=&#8221;default&#8221; background_enable_color=&#8221;off&#8221; background_image=&#8221;http:\/\/danubeartfest.org\/web\/wp-content\/uploads\/DD2020-1024&#215;768.jpg&#8221; background_enable_image=&#8221;on&#8221; hover_enabled=&#8221;0&#8243;][\/et_pb_slide][et_pb_slide _builder_version=&#8221;4.5.1&#8243; _module_preset=&#8221;default&#8221; background_enable_color=&#8221;off&#8221; background_image=&#8221;http:\/\/danubeartfest.org\/web\/wp-content\/uploads\/Ioan-Aurel-MURES\u0326AN-ULTRASILVANIA-4-2014-oil-on-canvas-100-x-80-cm-1024&#215;829.jpg&#8221; background_enable_image=&#8221;on&#8221;][\/et_pb_slide][et_pb_slide _builder_version=&#8221;4.5.1&#8243; _module_preset=&#8221;default&#8221; background_enable_color=&#8221;off&#8221; background_image=&#8221;http:\/\/danubeartfest.org\/web\/wp-content\/uploads\/DD2020-01-1024&#215;768.jpg&#8221; background_enable_image=&#8221;on&#8221;][\/et_pb_slide][\/et_pb_slider][\/et_pb_column][et_pb_column _builder_version=&#8221;4.5.1&#8243; _module_preset=&#8221;default&#8221; type=&#8221;1_2&#8243;][et_pb_text _builder_version=&#8221;4.5.1&#8243; _module_preset=&#8221;default&#8221; hover_enabled=&#8221;0&#8243;]<\/p>\n<h2 class=\"s5\"><span class=\"s9\">dijalog:\u00a0Novi Sad \/\/\u00a0<\/span><span class=\"s9\">Temi\u0161var<\/span><\/h2>\n<p><span class=\"s4\">Selektori: <\/span><span class=\"s9\">Sorina Jeca<\/span><span class=\"s4\"> (Temi\u0161var), \u00a0<\/span><span class=\"s9\">Sava Stepanov<\/span><span class=\"s4\"> (Novi Sad)<\/span><\/p>\n<p><span><span class=\"s7\">UMETNICI<\/span><span class=\"s9\">:<\/span><span class=\"s9\"> <\/span><\/span><\/p>\n<p><span class=\"s9\">Sanja Radusin<span class=\"s4\"> SRB \/\/\u00a0<\/span>Peter Jecza<\/span><span class=\"s4\"> ROU<\/span><\/p>\n<p><span class=\"s9\">Nata\u0161a<span class=\"s4\"><\/span>Teofilovi\u0107<span class=\"s4\"> SRB \/\/\u00a0<\/span>Ioan Aurel Murean <\/span><span class=\"s4\">ROU<\/span><\/p>\n<p><span class=\"s9\">Vladimir Tatarevi\u0107<span class=\"s4\"> SRB \/\/\u00a0<\/span>Ana Ada<\/span><\/p>\n<p><span class=\"s4\"><strong><span>&gt; Muzej savremene umetnosti Vojvodine<\/span><\/strong>, Dunavska 37<\/span><span>\u00a0<\/span><\/p>\n<p>[\/et_pb_text][\/et_pb_column][\/et_pb_row][et_pb_row _builder_version=&#8221;4.5.1&#8243; _module_preset=&#8221;default&#8221; column_structure=&#8221;1_2,1_2&#8243; hover_enabled=&#8221;0&#8243; custom_margin=&#8221;||80px||false|false&#8221;][et_pb_column _builder_version=&#8221;4.5.1&#8243; _module_preset=&#8221;default&#8221; type=&#8221;1_2&#8243;][et_pb_text _builder_version=&#8221;4.5.1&#8243; _module_preset=&#8221;default&#8221; hover_enabled=&#8221;0&#8243;]<\/p>\n<h2><span class=\"s9\">SRBIJA<\/span><span class=\"s9\"> +<\/span><span>\u00a0<\/span><br \/> <span class=\"s13\"><\/span><\/h2>\n<p class=\"s15\"><span class=\"s4\">Selektor: <span class=\"s9\">Ksenija Marinkovi\u0107<\/span><\/span><\/p>\n<h3 class=\"s15\"><span class=\"s4\"><\/span><span class=\"s9\">Mi\u0107a Staj\u010di\u0107<\/span><\/h3>\n<div class=\"s15\"><span class=\"s4\"><strong><\/strong><\/span><\/div>\n<div class=\"s15\"><span class=\"s4\"><strong>&gt; Galerija Bel Art<\/strong>, Bul. Mihajla Pupina 17<\/span><\/div>\n<p class=\"s16\">\n<p>[\/et_pb_text][\/et_pb_column][et_pb_column _builder_version=&#8221;4.5.1&#8243; _module_preset=&#8221;default&#8221; type=&#8221;1_2&#8243;][et_pb_slider _builder_version=&#8221;4.5.1&#8243; _module_preset=&#8221;default&#8221; min_height=&#8221;400px&#8221; auto=&#8221;on&#8221; hover_enabled=&#8221;0&#8243; background_enable_image=&#8221;off&#8221; show_arrows=&#8221;off&#8221;][et_pb_slide _builder_version=&#8221;4.5.1&#8243; _module_preset=&#8221;default&#8221; background_enable_color=&#8221;off&#8221; background_image=&#8221;http:\/\/danubeartfest.org\/web\/wp-content\/uploads\/Over-The-Rainbow-VERTIKALNA-1024&#215;769.jpg&#8221; background_enable_image=&#8221;on&#8221; hover_enabled=&#8221;0&#8243;][\/et_pb_slide][et_pb_slide _builder_version=&#8221;4.5.1&#8243; _module_preset=&#8221;default&#8221; background_enable_color=&#8221;off&#8221; background_image=&#8221;http:\/\/danubeartfest.org\/web\/wp-content\/uploads\/DD2020-03-1024&#215;768.jpg&#8221; background_enable_image=&#8221;on&#8221;][\/et_pb_slide][\/et_pb_slider][\/et_pb_column][\/et_pb_row][et_pb_row _builder_version=&#8221;4.5.1&#8243; _module_preset=&#8221;default&#8221; column_structure=&#8221;1_2,1_2&#8243; hover_enabled=&#8221;0&#8243; custom_margin=&#8221;||80px||false|false&#8221;][et_pb_column _builder_version=&#8221;4.5.1&#8243; _module_preset=&#8221;default&#8221; type=&#8221;1_2&#8243;][et_pb_slider _builder_version=&#8221;4.5.1&#8243; _module_preset=&#8221;default&#8221; min_height=&#8221;400px&#8221; auto=&#8221;on&#8221; hover_enabled=&#8221;0&#8243; background_enable_image=&#8221;off&#8221;][et_pb_slide _builder_version=&#8221;4.5.1&#8243; _module_preset=&#8221;default&#8221; background_enable_color=&#8221;off&#8221; background_image=&#8221;http:\/\/danubeartfest.org\/web\/wp-content\/uploads\/IMG_3644-1024&#215;768.jpg&#8221; background_enable_image=&#8221;on&#8221; hover_enabled=&#8221;0&#8243;][\/et_pb_slide][\/et_pb_slider][\/et_pb_column][et_pb_column _builder_version=&#8221;4.5.1&#8243; _module_preset=&#8221;default&#8221; type=&#8221;1_2&#8243;][et_pb_text _builder_version=&#8221;4.5.1&#8243; _module_preset=&#8221;default&#8221; hover_enabled=&#8221;0&#8243;]<\/p>\n<h2><span class=\"s9\">SRBIJA<\/span><span class=\"s9\"> +<\/span><span>\u00a0<\/span><br \/> <span class=\"s13\"><\/span><\/h2>\n<p><span><span class=\"s4\">Selektor: <\/span><span class=\"s9\">Ljilja<\/span><span class=\"s9\">na<\/span><span class=\"s9\"> Tadi\u0107<\/span><\/span><\/p>\n<h3 class=\"s16\"><span class=\"s9\">Vuk \u0106uk<\/span><\/h3>\n<p><span class=\"s4\"><strong><\/strong><\/span><\/p>\n<p><span class=\"s4\"><strong>&gt; Galerija SULUV<\/strong>, Bul. Mihajla Pupina 9<\/span><\/p>\n<p>&nbsp;<\/p>\n<p class=\"s16\">\n<p>[\/et_pb_text][\/et_pb_column][\/et_pb_row][et_pb_row _builder_version=&#8221;4.5.1&#8243; _module_preset=&#8221;default&#8221; column_structure=&#8221;1_2,1_2&#8243; hover_enabled=&#8221;0&#8243; custom_margin=&#8221;||80px||false|false&#8221;][et_pb_column _builder_version=&#8221;4.5.1&#8243; _module_preset=&#8221;default&#8221; type=&#8221;1_2&#8243;][et_pb_text _builder_version=&#8221;4.5.1&#8243; _module_preset=&#8221;default&#8221; hover_enabled=&#8221;0&#8243;]<\/p>\n<h2><span class=\"s9\">SRBIJA<\/span><span class=\"s9\"> +<\/span><span>\u00a0<\/span><br \/> <span class=\"s13\"><\/span><\/h2>\n<p><span class=\"s4\">Selektor: <\/span><span class=\"s9\">Vesna Latinovi\u0107<\/span><\/p>\n<h2 class=\"s16\"><span>Veroljub Naumovi\u0107<\/span><br \/> <span class=\"s9\"><\/span><\/h2>\n<p><strong><\/strong><\/p>\n<p><strong>&gt; Mali likovni salon<\/strong><span>, Bul. Mihajla Pupina 9<\/span><span>\u00a0<\/span><\/p>\n<p>&nbsp;<\/p>\n<p class=\"s16\">\n[\/et_pb_text][\/et_pb_column][et_pb_column _builder_version=&#8221;4.5.1&#8243; _module_preset=&#8221;default&#8221; type=&#8221;1_2&#8243;][et_pb_slider _builder_version=&#8221;4.5.1&#8243; _module_preset=&#8221;default&#8221; min_height=&#8221;400px&#8221; auto=&#8221;on&#8221; hover_enabled=&#8221;0&#8243; background_enable_image=&#8221;off&#8221;][et_pb_slide _builder_version=&#8221;4.5.1&#8243; _module_preset=&#8221;default&#8221; background_enable_color=&#8221;off&#8221; background_image=&#8221;http:\/\/danubeartfest.org\/web\/wp-content\/uploads\/007-silikon-beton-3-16x11x11-cm-2020-1024&#215;1024.jpg&#8221; background_enable_image=&#8221;on&#8221; hover_enabled=&#8221;0&#8243;][\/et_pb_slide][\/et_pb_slider][\/et_pb_column][\/et_pb_row][et_pb_row _builder_version=&#8221;3.25&#8243; custom_padding=&#8221;29px|||||&#8221;][et_pb_column type=&#8221;4_4&#8243; _builder_version=&#8221;3.25&#8243; custom_padding=&#8221;|||&#8221; custom_padding__hover=&#8221;|||&#8221;][et_pb_text _builder_version=&#8221;4.5.1&#8243; _module_preset=&#8221;default&#8221; custom_padding=&#8221;||0px|||&#8221; hover_enabled=&#8221;0&#8243;]<\/p>\n<p class=\"s4\" style=\"text-align: center;\"><span class=\"s2\">FESTIVAL SAVREMENE UMETNOSTI <\/span><em><span class=\"s3\">DUNAVSKI DIJALOZI <\/span><span class=\"s3\">2020<\/span><\/em><\/p>\n<h3 class=\"s4\" style=\"text-align: center;\"><span class=\"s2\">QUO VADIS HOMO?<\/span><\/h3>\n<p class=\"s4\" style=\"text-align: center;\"><span class=\"s5\">Novi Sad, septembar 2020.<\/span><\/p>\n<p class=\"s4\"><span>\u00a0<\/span><\/p>\n<p class=\"s7\"><span class=\"s5\">O<\/span><span class=\"s5\">smo izdanje Festivala savremene umetnosti <\/span><em><span class=\"s6\">Dunavski dijalozi <\/span><\/em><span class=\"s5\"><\/span><span class=\"s5\">\u0107e \u00a0sodr\u017eati <\/span><span class=\"s5\">od 8. do 28. septembra<\/span><span class=\"s5\">\u00a0u \u00a0Novom Sadu. Festival je kao i \u00a0predhodnim izdanjima zami\u0161ljen kao pregled najaktuelnijih zbivanja u umetnosti podunavskog regiona (Nema\u010dka, Austrija, Slova\u010dka, Ma\u0111arska, Hrvatska, Srbija, Rumunija, Bugarska, Moldavija, Ukrajina).<\/span><\/p>\n<p class=\"s7\"><span class=\"s5\">Ove godine u programu dominira centralna izlo\u017eba naslovljena <\/span><strong><span class=\"s2\">Quo vadis homo?<\/span><\/strong><span class=\"s5\"> \u00a0koju su zajedni\u010dki koncipirali Ami Barak, nezavisni kustos iz Pariza i Sava Stepanov, likovni kriti\u010dar i umetni\u010dki direktor Festivala savremene umetnosti <\/span><em><span class=\"s6\">Dunavski dijalozi<\/span><\/em><span class=\"s5\"> u Novom Sadu. Tema je nametnuta okolnostima \u00a0<\/span><span class=\"s8\">globalnog<\/span><span class=\"s5\"> haosa<\/span><span class=\"s8\"> \u00a0u kome je danas odista te\u0161ko izna\u0107i pravu okosnicu smisla. Sve do nedavno \u010dovek je verovao da je na putu stalnog progresa, da prati civilizacijski iskorak uslovljen \u00a0napretkom nauke i &#8220;elektronike u slu\u017ebi \u010doveka&#8221;. Ta i takva o\u010dekivanja se nisu ispunila te se \u010dovek na\u0161eg doba za\u010das na\u0161ao pred modifikovanim karakteristikama tih dobrih osobenosti pretvorenih u sredstva rigidne kontrole, usred \u00a0prestruktuiranog dru\u0161tva u kojem je prekvalifikovan u resursnu komponentu neoliberalnog kapitalizma. Ovakva inverzija smisla uvodi \u010doveka u okrilje depresije koja je postala dominantna dijagnoza stanja modernog sveta.<\/span><\/p>\n<p class=\"s7\"><span class=\"s5\">Na ovogodi\u0161njim <\/span><span class=\"s6\">Dunavskim dijalozima<\/span><span class=\"s5\"> bi\u0107e postavljene i tri samostalne izlo\u017ebe savremenih srpskih umetnika sa zadatkom da odgovore na istu temu &#8220;Quo vadis homo?&#8221;. U Galeriji Bel art \u0107e biti postavljena izlo\u017eba radova vajara <\/span><strong><span class=\"s2\">Mi\u0107e Staj\u010di\u0107a<\/span><\/strong><span class=\"s5\"> iz Beograda \u00a0koji sa puno \u00a0kriti\u010dke ironije &#8220;iventari\u0161e&#8221; bolna mesta na\u0161e kulture i savremenog \u017eivljenja. U Malom likovnom salonu KCNS \u0107e se prezentovati skulpture <\/span><strong><span class=\"s2\">Veroljuba Naumovi\u0107a<\/span><\/strong><span class=\"s5\">, mladog skulptora iz Novog Sada koji za\u010du\u0111uju\u0107e preciznim (hiper)realizmom filozofira nemogu\u0107nosti savremenog \u010doveka da prevazi\u0111e sudubinski obuhvat op\u0161te ugro\u017eenosti i alijenacije. Kona\u010dno, u Galeriji SULUV-a se predstavljaju radovi <\/span><strong><span class=\"s2\">Vuka \u0106uka<\/span><\/strong><span class=\"s5\">, multimedijalnog umetnika iz Beograda koji svojim mobilnim slikama i skulpturama, <\/span><span class=\"s8\">autenti\u010dnim i jasno personalizovanim na\u010dinom manifestuje duh na\u0161eg \u017eivljenja u doba invazivnog tehnicizma i sveop\u0161te robotizacije i \u00a0tehnologizacije.<\/span><\/p>\n<p class=\"s7\"><span class=\"s5\">Na ovogodi\u0161njim <\/span><em><span class=\"s6\">Dunavskim dijalozima<\/span><\/em><span class=\"s5\"> <\/span><span class=\"s5\">predvi\u0111en<\/span><span class=\"s5\"> je susret umetnika <\/span><strong><span class=\"s2\">Temi\u0161var-Novi Sad. <\/span><\/strong><span class=\"s5\">To je<\/span><span class=\"s5\"> jo\u0161 jedan u nizu izlo\u017ebenih dijaloga umetnika iz Rumunije i Srbijeom Bel art iz Novog Sada, dakle, iz gradova koji su imenovani za dve budu\u0107e Evropske prestonice kulture. Dosada su ove rumunsko-srpske komparativne izlo\u017ebene postavke davale izuzetno zanimljive, \u010dak specifi\u010dne rezultate, koji su omogu\u0107avali brojne \u00a0rasprave i zaklju\u010dke o delotvornosti savremene umetnosti u post-socijalisti\u010dkom periodu susednih zemalja, u vremenu tranzicijskih procesa u dru\u0161tvu ali i u umetnosti, te u postmodernisti\u010dkim zbivanjima u vremenu raskrsnice vekova te u okolnostima sveop\u0161te globalizacije.<\/span><\/p>\n<p class=\"s7\"><strong><span class=\"s2\">Festival je podr\u017ean od strane Grada Novog Sada, Ministarstva kulture i informisanja Republike Srbije, Pokrajinskog sekretarijata za kulturu, javno informisanje i odnose s verskim zajednicama, \u00a0Fondacije Novi Sad 2021 \u00a0i Austrijskog kulturnog foruma. <\/span><\/strong><\/p>\n<p class=\"s9\"><strong><span class=\"s2\">Partneri u projektu su Galerija likovne umetnosti poklon zbirka Rajka Mamuzi\u0107a, Kulturni centar Novog Sada, Muzej savremene umetnosti Vojvodine i Francuski institut u Novom Sadu<\/span><\/strong><\/p>\n<p>[\/et_pb_text][\/et_pb_column][\/et_pb_row][\/et_pb_section][et_pb_section fb_built=&#8221;1&#8243; fullwidth=&#8221;on&#8221; module_id=&#8221;covid19&#8243; _builder_version=&#8221;4.5.1&#8243; _module_preset=&#8221;default&#8221;][et_pb_fullwidth_slider _builder_version=&#8221;4.5.1&#8243; _module_preset=&#8221;default&#8221;][et_pb_slide heading=&#8221;Va\u017eno: Otvaranje izlo\u017ebi (COVID19)&#8221; button_text=&#8221;Radno vreme galerija&#8221; button_link=&#8221;@ET-DC@eyJkeW5hbWljIjp0cnVlLCJjb250ZW50IjoicG9zdF9saW5rX3VybF9wYWdlIiwic2V0dGluZ3MiOnsicG9zdF9pZCI6IjQ5NjUifX0=@&#8221; _builder_version=&#8221;4.5.1&#8243; _dynamic_attributes=&#8221;button_link&#8221; _module_preset=&#8221;default&#8221; background_color=&#8221;#f3f3f3&#8243; background_enable_color=&#8221;on&#8221; custom_button=&#8221;on&#8221; button_text_color=&#8221;#686c74&#8243; background_layout=&#8221;light&#8221;]<\/p>\n<p><span>Zbog specifi\u010d<\/span><span>nih okolnosti izazvanih <\/span><span><\/span><span>pandemijom korona virusa, <\/span><span>ne\u0107e<\/span><span> biti javnog otvaranja izlo\u017ebi<\/span><span> Festivala savremene umetnosti <\/span><em><span class=\"s2\">Dunavski dijalozi<\/span><span class=\"s2\"> <\/span><span class=\"s2\">2020<\/span><\/em><span class=\"s2\">.<\/span><span> <\/span><span>P<\/span><span>oseta <\/span><span>\u0107e <\/span><span>biti mogu\u0107a u toku redovnog radnog vremena <\/span><span>izlo\u017ebenih <\/span><span>galerija<\/span><span>,<\/span><span> uz po\u0161tovanje <\/span><span>preventivnh mera<\/span><span> i preporuke za\u0161tite od korona virusa<\/span><span>.<\/span><\/p>\n<p>[\/et_pb_slide][\/et_pb_fullwidth_slider][\/et_pb_section][et_pb_section fb_built=&#8221;1&#8243; fullwidth=&#8221;on&#8221; _builder_version=&#8221;4.5.1&#8243; _module_preset=&#8221;default&#8221;][et_pb_fullwidth_code _builder_version=&#8221;4.5.1&#8243; _module_preset=&#8221;default&#8221; hover_enabled=&#8221;0&#8243;]<iframe loading=\"lazy\" src=\"https:\/\/www.google.com\/maps\/d\/u\/0\/embed?mid=17IDCVDJ1UcMswLtDg1lWoV7nibJyDtru\" width=\"100%\" height=\"480\"><\/iframe>[\/et_pb_fullwidth_code][\/et_pb_section]<\/p>\n","protected":false},"excerpt":{"rendered":"<p>Festival savremene umetnosti \/\/ Novi Sad DUNAVSKI DIJALOZI 2020 8. &#8211; 28. Septembar OTVARANJE IZLO\u017dBI (COVID19 INFO)Program festivalaCentralna izlo\u017eba: QUO VADIS HOMO? Kustosti: Ami Barak (Paris), \u00a0Sava Stepanov (Novi Sad) UMETNICI: Antal Lakner HUN, Ana Adamovi\u0107 SRB, Tatjana Danneberg AUT, Pusha Petrov ROU\/FRA, \u00a0Oto Hudec SVk, Ivan Moudov BGr, Oleksij Sai UKR, Alexander TineiHUN\/MDA ,Ottmar [&hellip;]<\/p>\n","protected":false},"author":2,"featured_media":0,"parent":0,"menu_order":0,"comment_status":"closed","ping_status":"closed","template":"","meta":{"_et_pb_use_builder":"on","_et_pb_old_content":"","_et_gb_content_width":"","footnotes":""},"class_list":["post-4775","page","type-page","status-publish","hentry"],"_links":{"self":[{"href":"http:\/\/danubeartfest.org\/srb\/wp-json\/wp\/v2\/pages\/4775","targetHints":{"allow":["GET"]}}],"collection":[{"href":"http:\/\/danubeartfest.org\/srb\/wp-json\/wp\/v2\/pages"}],"about":[{"href":"http:\/\/danubeartfest.org\/srb\/wp-json\/wp\/v2\/types\/page"}],"author":[{"embeddable":true,"href":"http:\/\/danubeartfest.org\/srb\/wp-json\/wp\/v2\/users\/2"}],"replies":[{"embeddable":true,"href":"http:\/\/danubeartfest.org\/srb\/wp-json\/wp\/v2\/comments?post=4775"}],"version-history":[{"count":0,"href":"http:\/\/danubeartfest.org\/srb\/wp-json\/wp\/v2\/pages\/4775\/revisions"}],"wp:attachment":[{"href":"http:\/\/danubeartfest.org\/srb\/wp-json\/wp\/v2\/media?parent=4775"}],"curies":[{"name":"wp","href":"https:\/\/api.w.org\/{rel}","templated":true}]}}