{"id":4965,"date":"2020-09-07T05:45:45","date_gmt":"2020-09-07T05:45:45","guid":{"rendered":"http:\/\/danubeartfest.org\/srb\/?page_id=4965"},"modified":"2020-09-07T05:46:00","modified_gmt":"2020-09-07T05:46:00","slug":"covid19-info-dd2020","status":"publish","type":"page","link":"http:\/\/danubeartfest.org\/srb\/covid19-info-dd2020\/","title":{"rendered":"COVID19 INFO (DD2020)"},"content":{"rendered":"\n<p>Zbog specifi\u010dnih okolnosti izazvanih pandemijom korona virusa, ne\u0107e biti javnog otvaranja izlo\u017ebi Festivala savremene umetnosti <em>Dunavski dijalozi 2020<\/em>. Poseta \u0107e biti mogu\u0107a u toku redovnog radnog vremena izlo\u017ebenih galerija, uz po\u0161tovanje preventivnh mera i preporuke za\u0161tite od korona virusa.<\/p>\n\n\n\n<h3 class=\"wp-block-heading\">Radno vreme izlo\u017ebenih galerija<\/h3>\n\n\n\n<p><strong>Galerija SULUV, Bul. Mihajla Pupina 9<\/strong><\/p>\n\n\n\n<p>8 &#8211; 18. septembar, pon \u2013 petak: 10-14h, 16-20 h<\/p>\n\n\n\n<p><strong>Mali likovni salon, Bul. Mihajla Pupina 9<\/strong><\/p>\n\n\n\n<p>8 &#8211; 21. septembar, pon \u2013 petak: 10-20 h<\/p>\n\n\n\n<p><strong>Galerija Bel art, Bul. Mihajla Pupina 17<\/strong><\/p>\n\n\n\n<p>8 &#8211; 28. septembar, uto \u2013 petak: 10\u201314h, 17\u201320h, subota: 10 \u2013 14h<\/p>\n\n\n\n<p><strong>Muzej savremene umetnosti Vovjvodine, Dunavska 37<\/strong><\/p>\n\n\n\n<p>8 &#8211; 24. septembar, uto \u2013 petak: 10 \u2013 18h, sub \u2013 ned: 10 \u2013 14h<\/p>\n\n\n\n<p><strong>Galerija likovne umetnosti poklon zbirka Rajka Mamuzi\u0107a, Vase Staji\u0107a 1<\/strong><\/p>\n\n\n\n<p>8 \u2013 28. septembar, sre \u2013 ned: 9 \u2013 17h<\/p>\n","protected":false},"excerpt":{"rendered":"<p>Zbog specifi\u010dnih okolnosti izazvanih pandemijom korona virusa, ne\u0107e biti javnog otvaranja izlo\u017ebi Festivala savremene umetnosti Dunavski dijalozi 2020. Poseta \u0107e biti mogu\u0107a u toku redovnog radnog vremena izlo\u017ebenih galerija, uz po\u0161tovanje preventivnh mera i preporuke za\u0161tite od korona virusa. Radno vreme izlo\u017ebenih galerija Galerija SULUV, Bul. Mihajla Pupina 9 8 &#8211; 18. septembar, pon \u2013 [&hellip;]<\/p>\n","protected":false},"author":2,"featured_media":0,"parent":0,"menu_order":0,"comment_status":"closed","ping_status":"closed","template":"","meta":{"_et_pb_use_builder":"off","_et_pb_old_content":"","_et_gb_content_width":"","footnotes":""},"class_list":["post-4965","page","type-page","status-publish","hentry"],"_links":{"self":[{"href":"http:\/\/danubeartfest.org\/srb\/wp-json\/wp\/v2\/pages\/4965","targetHints":{"allow":["GET"]}}],"collection":[{"href":"http:\/\/danubeartfest.org\/srb\/wp-json\/wp\/v2\/pages"}],"about":[{"href":"http:\/\/danubeartfest.org\/srb\/wp-json\/wp\/v2\/types\/page"}],"author":[{"embeddable":true,"href":"http:\/\/danubeartfest.org\/srb\/wp-json\/wp\/v2\/users\/2"}],"replies":[{"embeddable":true,"href":"http:\/\/danubeartfest.org\/srb\/wp-json\/wp\/v2\/comments?post=4965"}],"version-history":[{"count":0,"href":"http:\/\/danubeartfest.org\/srb\/wp-json\/wp\/v2\/pages\/4965\/revisions"}],"wp:attachment":[{"href":"http:\/\/danubeartfest.org\/srb\/wp-json\/wp\/v2\/media?parent=4965"}],"curies":[{"name":"wp","href":"https:\/\/api.w.org\/{rel}","templated":true}]}}